{"id":1551,"date":"2023-04-19T11:36:06","date_gmt":"2023-04-19T11:36:06","guid":{"rendered":"https:\/\/bestsellersbv.com\/about-us\/"},"modified":"2026-02-09T16:06:08","modified_gmt":"2026-02-09T16:06:08","slug":"about-us","status":"publish","type":"page","link":"https:\/\/bestsellersbv.com\/de\/about-us\/","title":{"rendered":"\u00dcber uns"},"content":{"rendered":"","protected":false},"excerpt":{"rendered":"","protected":false},"author":1,"featured_media":0,"parent":0,"menu_order":0,"comment_status":"closed","ping_status":"closed","template":"","meta":{"inline_featured_image":false,"_monsterinsights_skip_tracking":false,"_monsterinsights_sitenote_active":false,"_monsterinsights_sitenote_note":"","_monsterinsights_sitenote_category":0,"footnotes":""},"class_list":["post-1551","page","type-page","status-publish","hentry"],"yoast_head":"<!-- This site is optimized with the Yoast SEO plugin v27.3 - https:\/\/yoast.com\/product\/yoast-seo-wordpress\/ -->\n<title>\u00dcber uns - Best Sellers B.V.<\/title>\n<meta name=\"description\" content=\"Entdecken Sie Qualit\u00e4t und Erschwinglichkeit bei Bestsellern. Mit mehr als 33 Jahren Erfahrung kuratieren wir verschiedene Kollektionen, die auf Markttrends abgestimmt sind. Bei Best Sellers legen wir gro\u00dfen Wert darauf, Produkte von h\u00f6chster Qualit\u00e4t, Erschwinglichkeit und Zuverl\u00e4ssigkeit anzubieten. Als vertrauensw\u00fcrdiger Partner f\u00fcr gro\u00dfe internationale Einzelhandelsunternehmen bieten wir profitable Non-Food-Werbekonzepte, die die Branchenstandards \u00fcbertreffen.\" \/>\n<meta name=\"robots\" content=\"index, follow, max-snippet:-1, max-image-preview:large, max-video-preview:-1\" \/>\n<link rel=\"canonical\" href=\"https:\/\/bestsellersbv.com\/de\/about-us\/\" \/>\n<meta property=\"og:locale\" content=\"de_DE\" \/>\n<meta property=\"og:type\" content=\"article\" \/>\n<meta property=\"og:title\" content=\"\u00dcber uns - Best Sellers B.V.\" \/>\n<meta property=\"og:description\" content=\"Entdecken Sie Qualit\u00e4t und Erschwinglichkeit bei Bestsellern. Mit mehr als 33 Jahren Erfahrung kuratieren wir verschiedene Kollektionen, die auf Markttrends abgestimmt sind. Bei Best Sellers legen wir gro\u00dfen Wert darauf, Produkte von h\u00f6chster Qualit\u00e4t, Erschwinglichkeit und Zuverl\u00e4ssigkeit anzubieten. Als vertrauensw\u00fcrdiger Partner f\u00fcr gro\u00dfe internationale Einzelhandelsunternehmen bieten wir profitable Non-Food-Werbekonzepte, die die Branchenstandards \u00fcbertreffen.\" \/>\n<meta property=\"og:url\" content=\"https:\/\/bestsellersbv.com\/de\/about-us\/\" \/>\n<meta property=\"og:site_name\" content=\"Best Sellers B.V.\" \/>\n<meta property=\"article:modified_time\" content=\"2026-02-09T16:06:08+00:00\" \/>\n<meta name=\"twitter:card\" content=\"summary_large_image\" \/>\n<script type=\"application\/ld+json\" class=\"yoast-schema-graph\">{\"@context\":\"https:\\\/\\\/schema.org\",\"@graph\":[{\"@type\":\"WebPage\",\"@id\":\"https:\\\/\\\/bestsellersbv.com\\\/de\\\/about-us\\\/\",\"url\":\"https:\\\/\\\/bestsellersbv.com\\\/de\\\/about-us\\\/\",\"name\":\"\u00dcber uns - Best Sellers B.V.\",\"isPartOf\":{\"@id\":\"https:\\\/\\\/bestsellersbv.com\\\/de\\\/#website\"},\"datePublished\":\"2023-04-19T11:36:06+00:00\",\"dateModified\":\"2026-02-09T16:06:08+00:00\",\"description\":\"Entdecken Sie Qualit\u00e4t und Erschwinglichkeit bei Bestsellern. Mit mehr als 33 Jahren Erfahrung kuratieren wir verschiedene Kollektionen, die auf Markttrends abgestimmt sind. Bei Best Sellers legen wir gro\u00dfen Wert darauf, Produkte von h\u00f6chster Qualit\u00e4t, Erschwinglichkeit und Zuverl\u00e4ssigkeit anzubieten. Als vertrauensw\u00fcrdiger Partner f\u00fcr gro\u00dfe internationale Einzelhandelsunternehmen bieten wir profitable Non-Food-Werbekonzepte, die die Branchenstandards \u00fcbertreffen.\",\"breadcrumb\":{\"@id\":\"https:\\\/\\\/bestsellersbv.com\\\/de\\\/about-us\\\/#breadcrumb\"},\"inLanguage\":\"de\",\"potentialAction\":[{\"@type\":\"ReadAction\",\"target\":[\"https:\\\/\\\/bestsellersbv.com\\\/de\\\/about-us\\\/\"]}]},{\"@type\":\"BreadcrumbList\",\"@id\":\"https:\\\/\\\/bestsellersbv.com\\\/de\\\/about-us\\\/#breadcrumb\",\"itemListElement\":[{\"@type\":\"ListItem\",\"position\":1,\"name\":\"\",\"item\":\"https:\\\/\\\/bestsellersbv.com\\\/de\\\/\"},{\"@type\":\"ListItem\",\"position\":2,\"name\":\"\u00dcber uns\"}]},{\"@type\":\"WebSite\",\"@id\":\"https:\\\/\\\/bestsellersbv.com\\\/de\\\/#website\",\"url\":\"https:\\\/\\\/bestsellersbv.com\\\/de\\\/\",\"name\":\"Best Sellers B.V.\",\"description\":\"\",\"publisher\":{\"@id\":\"https:\\\/\\\/bestsellersbv.com\\\/de\\\/#organization\"},\"potentialAction\":[{\"@type\":\"SearchAction\",\"target\":{\"@type\":\"EntryPoint\",\"urlTemplate\":\"https:\\\/\\\/bestsellersbv.com\\\/de\\\/?s={search_term_string}\"},\"query-input\":{\"@type\":\"PropertyValueSpecification\",\"valueRequired\":true,\"valueName\":\"search_term_string\"}}],\"inLanguage\":\"de\"},{\"@type\":\"Organization\",\"@id\":\"https:\\\/\\\/bestsellersbv.com\\\/de\\\/#organization\",\"name\":\"Best Sellers B.V.\",\"url\":\"https:\\\/\\\/bestsellersbv.com\\\/de\\\/\",\"logo\":{\"@type\":\"ImageObject\",\"inLanguage\":\"de\",\"@id\":\"https:\\\/\\\/bestsellersbv.com\\\/de\\\/#\\\/schema\\\/logo\\\/image\\\/\",\"url\":\"https:\\\/\\\/bestsellersbv.com\\\/wp-content\\\/uploads\\\/2023\\\/11\\\/BestSellersLogo.png\",\"contentUrl\":\"https:\\\/\\\/bestsellersbv.com\\\/wp-content\\\/uploads\\\/2023\\\/11\\\/BestSellersLogo.png\",\"width\":251,\"height\":113,\"caption\":\"Best Sellers B.V.\"},\"image\":{\"@id\":\"https:\\\/\\\/bestsellersbv.com\\\/de\\\/#\\\/schema\\\/logo\\\/image\\\/\"}}]}<\/script>\n<!-- \/ Yoast SEO plugin. -->","yoast_head_json":{"title":"\u00dcber uns - Best Sellers B.V.","description":"Entdecken Sie Qualit\u00e4t und Erschwinglichkeit bei Bestsellern. Mit mehr als 33 Jahren Erfahrung kuratieren wir verschiedene Kollektionen, die auf Markttrends abgestimmt sind. Bei Best Sellers legen wir gro\u00dfen Wert darauf, Produkte von h\u00f6chster Qualit\u00e4t, Erschwinglichkeit und Zuverl\u00e4ssigkeit anzubieten. Als vertrauensw\u00fcrdiger Partner f\u00fcr gro\u00dfe internationale Einzelhandelsunternehmen bieten wir profitable Non-Food-Werbekonzepte, die die Branchenstandards \u00fcbertreffen.","robots":{"index":"index","follow":"follow","max-snippet":"max-snippet:-1","max-image-preview":"max-image-preview:large","max-video-preview":"max-video-preview:-1"},"canonical":"https:\/\/bestsellersbv.com\/de\/about-us\/","og_locale":"de_DE","og_type":"article","og_title":"\u00dcber uns - Best Sellers B.V.","og_description":"Entdecken Sie Qualit\u00e4t und Erschwinglichkeit bei Bestsellern. Mit mehr als 33 Jahren Erfahrung kuratieren wir verschiedene Kollektionen, die auf Markttrends abgestimmt sind. Bei Best Sellers legen wir gro\u00dfen Wert darauf, Produkte von h\u00f6chster Qualit\u00e4t, Erschwinglichkeit und Zuverl\u00e4ssigkeit anzubieten. Als vertrauensw\u00fcrdiger Partner f\u00fcr gro\u00dfe internationale Einzelhandelsunternehmen bieten wir profitable Non-Food-Werbekonzepte, die die Branchenstandards \u00fcbertreffen.","og_url":"https:\/\/bestsellersbv.com\/de\/about-us\/","og_site_name":"Best Sellers B.V.","article_modified_time":"2026-02-09T16:06:08+00:00","twitter_card":"summary_large_image","schema":{"@context":"https:\/\/schema.org","@graph":[{"@type":"WebPage","@id":"https:\/\/bestsellersbv.com\/de\/about-us\/","url":"https:\/\/bestsellersbv.com\/de\/about-us\/","name":"\u00dcber uns - Best Sellers B.V.","isPartOf":{"@id":"https:\/\/bestsellersbv.com\/de\/#website"},"datePublished":"2023-04-19T11:36:06+00:00","dateModified":"2026-02-09T16:06:08+00:00","description":"Entdecken Sie Qualit\u00e4t und Erschwinglichkeit bei Bestsellern. Mit mehr als 33 Jahren Erfahrung kuratieren wir verschiedene Kollektionen, die auf Markttrends abgestimmt sind. Bei Best Sellers legen wir gro\u00dfen Wert darauf, Produkte von h\u00f6chster Qualit\u00e4t, Erschwinglichkeit und Zuverl\u00e4ssigkeit anzubieten. Als vertrauensw\u00fcrdiger Partner f\u00fcr gro\u00dfe internationale Einzelhandelsunternehmen bieten wir profitable Non-Food-Werbekonzepte, die die Branchenstandards \u00fcbertreffen.","breadcrumb":{"@id":"https:\/\/bestsellersbv.com\/de\/about-us\/#breadcrumb"},"inLanguage":"de","potentialAction":[{"@type":"ReadAction","target":["https:\/\/bestsellersbv.com\/de\/about-us\/"]}]},{"@type":"BreadcrumbList","@id":"https:\/\/bestsellersbv.com\/de\/about-us\/#breadcrumb","itemListElement":[{"@type":"ListItem","position":1,"name":"","item":"https:\/\/bestsellersbv.com\/de\/"},{"@type":"ListItem","position":2,"name":"\u00dcber uns"}]},{"@type":"WebSite","@id":"https:\/\/bestsellersbv.com\/de\/#website","url":"https:\/\/bestsellersbv.com\/de\/","name":"Best Sellers B.V.","description":"","publisher":{"@id":"https:\/\/bestsellersbv.com\/de\/#organization"},"potentialAction":[{"@type":"SearchAction","target":{"@type":"EntryPoint","urlTemplate":"https:\/\/bestsellersbv.com\/de\/?s={search_term_string}"},"query-input":{"@type":"PropertyValueSpecification","valueRequired":true,"valueName":"search_term_string"}}],"inLanguage":"de"},{"@type":"Organization","@id":"https:\/\/bestsellersbv.com\/de\/#organization","name":"Best Sellers B.V.","url":"https:\/\/bestsellersbv.com\/de\/","logo":{"@type":"ImageObject","inLanguage":"de","@id":"https:\/\/bestsellersbv.com\/de\/#\/schema\/logo\/image\/","url":"https:\/\/bestsellersbv.com\/wp-content\/uploads\/2023\/11\/BestSellersLogo.png","contentUrl":"https:\/\/bestsellersbv.com\/wp-content\/uploads\/2023\/11\/BestSellersLogo.png","width":251,"height":113,"caption":"Best Sellers B.V."},"image":{"@id":"https:\/\/bestsellersbv.com\/de\/#\/schema\/logo\/image\/"}}]}},"acf":[],"_links":{"self":[{"href":"https:\/\/bestsellersbv.com\/de\/wp-json\/wp\/v2\/pages\/1551","targetHints":{"allow":["GET"]}}],"collection":[{"href":"https:\/\/bestsellersbv.com\/de\/wp-json\/wp\/v2\/pages"}],"about":[{"href":"https:\/\/bestsellersbv.com\/de\/wp-json\/wp\/v2\/types\/page"}],"author":[{"embeddable":true,"href":"https:\/\/bestsellersbv.com\/de\/wp-json\/wp\/v2\/users\/1"}],"replies":[{"embeddable":true,"href":"https:\/\/bestsellersbv.com\/de\/wp-json\/wp\/v2\/comments?post=1551"}],"version-history":[{"count":17746,"href":"https:\/\/bestsellersbv.com\/de\/wp-json\/wp\/v2\/pages\/1551\/revisions"}],"predecessor-version":[{"id":182257,"href":"https:\/\/bestsellersbv.com\/de\/wp-json\/wp\/v2\/pages\/1551\/revisions\/182257"}],"wp:attachment":[{"href":"https:\/\/bestsellersbv.com\/de\/wp-json\/wp\/v2\/media?parent=1551"}],"curies":[{"name":"wp","href":"https:\/\/api.w.org\/{rel}","templated":true}]}}