{"id":1588,"date":"2023-04-19T11:36:17","date_gmt":"2023-04-19T11:36:17","guid":{"rendered":"https:\/\/bestsellersbv.com\/contact\/"},"modified":"2026-02-02T09:30:07","modified_gmt":"2026-02-02T09:30:07","slug":"contact","status":"publish","type":"page","link":"https:\/\/bestsellersbv.com\/de\/contact\/","title":{"rendered":"Kontakt"},"content":{"rendered":"","protected":false},"excerpt":{"rendered":"","protected":false},"author":1,"featured_media":0,"parent":0,"menu_order":0,"comment_status":"closed","ping_status":"closed","template":"","meta":{"inline_featured_image":false,"_monsterinsights_skip_tracking":false,"_monsterinsights_sitenote_active":false,"_monsterinsights_sitenote_note":"","_monsterinsights_sitenote_category":0,"footnotes":""},"class_list":["post-1588","page","type-page","status-publish","hentry"],"yoast_head":"<!-- This site is optimized with the Yoast SEO plugin v27.3 - https:\/\/yoast.com\/product\/yoast-seo-wordpress\/ -->\n<title>Kontakt - Best Sellers B.V.<\/title>\n<meta name=\"description\" content=\"Kontaktiere uns. Wir w\u00fcrden uns freuen, mit Ihnen in Kontakt zu treten. Wir bieten hierf\u00fcr mehrere M\u00f6glichkeiten an. Am einfachsten ist es, uns anzurufen oder \u2013 noch besser \u2013 eine Nachricht zu senden und wir rufen Sie an!\" \/>\n<meta name=\"robots\" content=\"index, follow, max-snippet:-1, max-image-preview:large, max-video-preview:-1\" \/>\n<link rel=\"canonical\" href=\"https:\/\/bestsellersbv.com\/de\/contact\/\" \/>\n<meta property=\"og:locale\" content=\"de_DE\" \/>\n<meta property=\"og:type\" content=\"article\" \/>\n<meta property=\"og:title\" content=\"Kontakt - Best Sellers B.V.\" \/>\n<meta property=\"og:description\" content=\"Kontaktiere uns. Wir w\u00fcrden uns freuen, mit Ihnen in Kontakt zu treten. Wir bieten hierf\u00fcr mehrere M\u00f6glichkeiten an. Am einfachsten ist es, uns anzurufen oder \u2013 noch besser \u2013 eine Nachricht zu senden und wir rufen Sie an!\" \/>\n<meta property=\"og:url\" content=\"https:\/\/bestsellersbv.com\/de\/contact\/\" \/>\n<meta property=\"og:site_name\" content=\"Best Sellers B.V.\" \/>\n<meta property=\"article:modified_time\" content=\"2026-02-02T09:30:07+00:00\" \/>\n<meta name=\"twitter:card\" content=\"summary_large_image\" \/>\n<script type=\"application\/ld+json\" class=\"yoast-schema-graph\">{\"@context\":\"https:\\\/\\\/schema.org\",\"@graph\":[{\"@type\":\"WebPage\",\"@id\":\"https:\\\/\\\/bestsellersbv.com\\\/de\\\/contact\\\/\",\"url\":\"https:\\\/\\\/bestsellersbv.com\\\/de\\\/contact\\\/\",\"name\":\"Kontakt - Best Sellers B.V.\",\"isPartOf\":{\"@id\":\"https:\\\/\\\/bestsellersbv.com\\\/de\\\/#website\"},\"datePublished\":\"2023-04-19T11:36:17+00:00\",\"dateModified\":\"2026-02-02T09:30:07+00:00\",\"description\":\"Kontaktiere uns. Wir w\u00fcrden uns freuen, mit Ihnen in Kontakt zu treten. Wir bieten hierf\u00fcr mehrere M\u00f6glichkeiten an. Am einfachsten ist es, uns anzurufen oder \u2013 noch besser \u2013 eine Nachricht zu senden und wir rufen Sie an!\",\"breadcrumb\":{\"@id\":\"https:\\\/\\\/bestsellersbv.com\\\/de\\\/contact\\\/#breadcrumb\"},\"inLanguage\":\"de\",\"potentialAction\":[{\"@type\":\"ReadAction\",\"target\":[\"https:\\\/\\\/bestsellersbv.com\\\/de\\\/contact\\\/\"]}]},{\"@type\":\"BreadcrumbList\",\"@id\":\"https:\\\/\\\/bestsellersbv.com\\\/de\\\/contact\\\/#breadcrumb\",\"itemListElement\":[{\"@type\":\"ListItem\",\"position\":1,\"name\":\"\",\"item\":\"https:\\\/\\\/bestsellersbv.com\\\/de\\\/\"},{\"@type\":\"ListItem\",\"position\":2,\"name\":\"Kontakt\"}]},{\"@type\":\"WebSite\",\"@id\":\"https:\\\/\\\/bestsellersbv.com\\\/de\\\/#website\",\"url\":\"https:\\\/\\\/bestsellersbv.com\\\/de\\\/\",\"name\":\"Best Sellers B.V.\",\"description\":\"\",\"publisher\":{\"@id\":\"https:\\\/\\\/bestsellersbv.com\\\/de\\\/#organization\"},\"potentialAction\":[{\"@type\":\"SearchAction\",\"target\":{\"@type\":\"EntryPoint\",\"urlTemplate\":\"https:\\\/\\\/bestsellersbv.com\\\/de\\\/?s={search_term_string}\"},\"query-input\":{\"@type\":\"PropertyValueSpecification\",\"valueRequired\":true,\"valueName\":\"search_term_string\"}}],\"inLanguage\":\"de\"},{\"@type\":\"Organization\",\"@id\":\"https:\\\/\\\/bestsellersbv.com\\\/de\\\/#organization\",\"name\":\"Best Sellers B.V.\",\"url\":\"https:\\\/\\\/bestsellersbv.com\\\/de\\\/\",\"logo\":{\"@type\":\"ImageObject\",\"inLanguage\":\"de\",\"@id\":\"https:\\\/\\\/bestsellersbv.com\\\/de\\\/#\\\/schema\\\/logo\\\/image\\\/\",\"url\":\"https:\\\/\\\/bestsellersbv.com\\\/wp-content\\\/uploads\\\/2023\\\/11\\\/BestSellersLogo.png\",\"contentUrl\":\"https:\\\/\\\/bestsellersbv.com\\\/wp-content\\\/uploads\\\/2023\\\/11\\\/BestSellersLogo.png\",\"width\":251,\"height\":113,\"caption\":\"Best Sellers B.V.\"},\"image\":{\"@id\":\"https:\\\/\\\/bestsellersbv.com\\\/de\\\/#\\\/schema\\\/logo\\\/image\\\/\"}}]}<\/script>\n<!-- \/ Yoast SEO plugin. -->","yoast_head_json":{"title":"Kontakt - Best Sellers B.V.","description":"Kontaktiere uns. Wir w\u00fcrden uns freuen, mit Ihnen in Kontakt zu treten. Wir bieten hierf\u00fcr mehrere M\u00f6glichkeiten an. Am einfachsten ist es, uns anzurufen oder \u2013 noch besser \u2013 eine Nachricht zu senden und wir rufen Sie an!","robots":{"index":"index","follow":"follow","max-snippet":"max-snippet:-1","max-image-preview":"max-image-preview:large","max-video-preview":"max-video-preview:-1"},"canonical":"https:\/\/bestsellersbv.com\/de\/contact\/","og_locale":"de_DE","og_type":"article","og_title":"Kontakt - Best Sellers B.V.","og_description":"Kontaktiere uns. Wir w\u00fcrden uns freuen, mit Ihnen in Kontakt zu treten. Wir bieten hierf\u00fcr mehrere M\u00f6glichkeiten an. Am einfachsten ist es, uns anzurufen oder \u2013 noch besser \u2013 eine Nachricht zu senden und wir rufen Sie an!","og_url":"https:\/\/bestsellersbv.com\/de\/contact\/","og_site_name":"Best Sellers B.V.","article_modified_time":"2026-02-02T09:30:07+00:00","twitter_card":"summary_large_image","schema":{"@context":"https:\/\/schema.org","@graph":[{"@type":"WebPage","@id":"https:\/\/bestsellersbv.com\/de\/contact\/","url":"https:\/\/bestsellersbv.com\/de\/contact\/","name":"Kontakt - Best Sellers B.V.","isPartOf":{"@id":"https:\/\/bestsellersbv.com\/de\/#website"},"datePublished":"2023-04-19T11:36:17+00:00","dateModified":"2026-02-02T09:30:07+00:00","description":"Kontaktiere uns. Wir w\u00fcrden uns freuen, mit Ihnen in Kontakt zu treten. Wir bieten hierf\u00fcr mehrere M\u00f6glichkeiten an. Am einfachsten ist es, uns anzurufen oder \u2013 noch besser \u2013 eine Nachricht zu senden und wir rufen Sie an!","breadcrumb":{"@id":"https:\/\/bestsellersbv.com\/de\/contact\/#breadcrumb"},"inLanguage":"de","potentialAction":[{"@type":"ReadAction","target":["https:\/\/bestsellersbv.com\/de\/contact\/"]}]},{"@type":"BreadcrumbList","@id":"https:\/\/bestsellersbv.com\/de\/contact\/#breadcrumb","itemListElement":[{"@type":"ListItem","position":1,"name":"","item":"https:\/\/bestsellersbv.com\/de\/"},{"@type":"ListItem","position":2,"name":"Kontakt"}]},{"@type":"WebSite","@id":"https:\/\/bestsellersbv.com\/de\/#website","url":"https:\/\/bestsellersbv.com\/de\/","name":"Best Sellers B.V.","description":"","publisher":{"@id":"https:\/\/bestsellersbv.com\/de\/#organization"},"potentialAction":[{"@type":"SearchAction","target":{"@type":"EntryPoint","urlTemplate":"https:\/\/bestsellersbv.com\/de\/?s={search_term_string}"},"query-input":{"@type":"PropertyValueSpecification","valueRequired":true,"valueName":"search_term_string"}}],"inLanguage":"de"},{"@type":"Organization","@id":"https:\/\/bestsellersbv.com\/de\/#organization","name":"Best Sellers B.V.","url":"https:\/\/bestsellersbv.com\/de\/","logo":{"@type":"ImageObject","inLanguage":"de","@id":"https:\/\/bestsellersbv.com\/de\/#\/schema\/logo\/image\/","url":"https:\/\/bestsellersbv.com\/wp-content\/uploads\/2023\/11\/BestSellersLogo.png","contentUrl":"https:\/\/bestsellersbv.com\/wp-content\/uploads\/2023\/11\/BestSellersLogo.png","width":251,"height":113,"caption":"Best Sellers B.V."},"image":{"@id":"https:\/\/bestsellersbv.com\/de\/#\/schema\/logo\/image\/"}}]}},"acf":[],"_links":{"self":[{"href":"https:\/\/bestsellersbv.com\/de\/wp-json\/wp\/v2\/pages\/1588","targetHints":{"allow":["GET"]}}],"collection":[{"href":"https:\/\/bestsellersbv.com\/de\/wp-json\/wp\/v2\/pages"}],"about":[{"href":"https:\/\/bestsellersbv.com\/de\/wp-json\/wp\/v2\/types\/page"}],"author":[{"embeddable":true,"href":"https:\/\/bestsellersbv.com\/de\/wp-json\/wp\/v2\/users\/1"}],"replies":[{"embeddable":true,"href":"https:\/\/bestsellersbv.com\/de\/wp-json\/wp\/v2\/comments?post=1588"}],"version-history":[{"count":17815,"href":"https:\/\/bestsellersbv.com\/de\/wp-json\/wp\/v2\/pages\/1588\/revisions"}],"predecessor-version":[{"id":182231,"href":"https:\/\/bestsellersbv.com\/de\/wp-json\/wp\/v2\/pages\/1588\/revisions\/182231"}],"wp:attachment":[{"href":"https:\/\/bestsellersbv.com\/de\/wp-json\/wp\/v2\/media?parent=1588"}],"curies":[{"name":"wp","href":"https:\/\/api.w.org\/{rel}","templated":true}]}}