{"id":1580,"date":"2023-04-19T12:13:05","date_gmt":"2023-04-19T12:13:05","guid":{"rendered":"https:\/\/bestsellersbv.com\/product\/season-themes\/"},"modified":"2026-02-02T12:35:01","modified_gmt":"2026-02-02T12:35:01","slug":"season-themes","status":"publish","type":"product","link":"https:\/\/bestsellersbv.com\/de\/product\/season-themes\/","title":{"rendered":"Jahreszeit und Themen"},"featured_media":0,"template":"","class_list":["post-1580","product","type-product","status-publish","hentry"],"yoast_head":"<!-- This site is optimized with the Yoast SEO plugin v27.3 - https:\/\/yoast.com\/product\/yoast-seo-wordpress\/ -->\n<title>Jahreszeit und Themen - Best Sellers B.V.<\/title>\n<meta name=\"description\" content=\"Schenken Sie Ihrer Kundschaft etwas Zauberhaftes mit unserer vielf\u00e4ltigen Auswahl an Weihnachtsgeschenken. Wir bieten alles von personalisierten Schmuckst\u00fccken bis hin zu unverwechselbarem Wohndekor und stellen so sicher, dass Einzelh\u00e4ndler auf den Geschmack ihres vielf\u00e4ltigen Kundenstamms eingehen k\u00f6nnen.\" \/>\n<meta name=\"robots\" content=\"index, follow, max-snippet:-1, max-image-preview:large, max-video-preview:-1\" \/>\n<link rel=\"canonical\" href=\"https:\/\/bestsellersbv.com\/de\/product\/season-themes\/\" \/>\n<meta property=\"og:locale\" content=\"de_DE\" \/>\n<meta property=\"og:type\" content=\"article\" \/>\n<meta property=\"og:title\" content=\"Jahreszeit und Themen - Best Sellers B.V.\" \/>\n<meta property=\"og:description\" content=\"Schenken Sie Ihrer Kundschaft etwas Zauberhaftes mit unserer vielf\u00e4ltigen Auswahl an Weihnachtsgeschenken. Wir bieten alles von personalisierten Schmuckst\u00fccken bis hin zu unverwechselbarem Wohndekor und stellen so sicher, dass Einzelh\u00e4ndler auf den Geschmack ihres vielf\u00e4ltigen Kundenstamms eingehen k\u00f6nnen.\" \/>\n<meta property=\"og:url\" content=\"https:\/\/bestsellersbv.com\/de\/product\/season-themes\/\" \/>\n<meta property=\"og:site_name\" content=\"Best Sellers B.V.\" \/>\n<meta property=\"article:modified_time\" content=\"2026-02-02T12:35:01+00:00\" \/>\n<meta name=\"twitter:card\" content=\"summary_large_image\" \/>\n<script type=\"application\/ld+json\" class=\"yoast-schema-graph\">{\"@context\":\"https:\\\/\\\/schema.org\",\"@graph\":[{\"@type\":\"WebPage\",\"@id\":\"https:\\\/\\\/bestsellersbv.com\\\/de\\\/product\\\/season-themes\\\/\",\"url\":\"https:\\\/\\\/bestsellersbv.com\\\/de\\\/product\\\/season-themes\\\/\",\"name\":\"Jahreszeit und Themen - Best Sellers B.V.\",\"isPartOf\":{\"@id\":\"https:\\\/\\\/bestsellersbv.com\\\/de\\\/#website\"},\"datePublished\":\"2023-04-19T12:13:05+00:00\",\"dateModified\":\"2026-02-02T12:35:01+00:00\",\"description\":\"Schenken Sie Ihrer Kundschaft etwas Zauberhaftes mit unserer vielf\u00e4ltigen Auswahl an Weihnachtsgeschenken. Wir bieten alles von personalisierten Schmuckst\u00fccken bis hin zu unverwechselbarem Wohndekor und stellen so sicher, dass Einzelh\u00e4ndler auf den Geschmack ihres vielf\u00e4ltigen Kundenstamms eingehen k\u00f6nnen.\",\"breadcrumb\":{\"@id\":\"https:\\\/\\\/bestsellersbv.com\\\/de\\\/product\\\/season-themes\\\/#breadcrumb\"},\"inLanguage\":\"de\",\"potentialAction\":[{\"@type\":\"ReadAction\",\"target\":[\"https:\\\/\\\/bestsellersbv.com\\\/de\\\/product\\\/season-themes\\\/\"]}]},{\"@type\":\"BreadcrumbList\",\"@id\":\"https:\\\/\\\/bestsellersbv.com\\\/de\\\/product\\\/season-themes\\\/#breadcrumb\",\"itemListElement\":[{\"@type\":\"ListItem\",\"position\":1,\"name\":\"\",\"item\":\"https:\\\/\\\/bestsellersbv.com\\\/de\\\/\"},{\"@type\":\"ListItem\",\"position\":2,\"name\":\"Jahreszeit und Themen\"}]},{\"@type\":\"WebSite\",\"@id\":\"https:\\\/\\\/bestsellersbv.com\\\/de\\\/#website\",\"url\":\"https:\\\/\\\/bestsellersbv.com\\\/de\\\/\",\"name\":\"Best Sellers B.V.\",\"description\":\"\",\"publisher\":{\"@id\":\"https:\\\/\\\/bestsellersbv.com\\\/de\\\/#organization\"},\"potentialAction\":[{\"@type\":\"SearchAction\",\"target\":{\"@type\":\"EntryPoint\",\"urlTemplate\":\"https:\\\/\\\/bestsellersbv.com\\\/de\\\/?s={search_term_string}\"},\"query-input\":{\"@type\":\"PropertyValueSpecification\",\"valueRequired\":true,\"valueName\":\"search_term_string\"}}],\"inLanguage\":\"de\"},{\"@type\":\"Organization\",\"@id\":\"https:\\\/\\\/bestsellersbv.com\\\/de\\\/#organization\",\"name\":\"Best Sellers B.V.\",\"url\":\"https:\\\/\\\/bestsellersbv.com\\\/de\\\/\",\"logo\":{\"@type\":\"ImageObject\",\"inLanguage\":\"de\",\"@id\":\"https:\\\/\\\/bestsellersbv.com\\\/de\\\/#\\\/schema\\\/logo\\\/image\\\/\",\"url\":\"https:\\\/\\\/bestsellersbv.com\\\/wp-content\\\/uploads\\\/2023\\\/11\\\/BestSellersLogo.png\",\"contentUrl\":\"https:\\\/\\\/bestsellersbv.com\\\/wp-content\\\/uploads\\\/2023\\\/11\\\/BestSellersLogo.png\",\"width\":251,\"height\":113,\"caption\":\"Best Sellers B.V.\"},\"image\":{\"@id\":\"https:\\\/\\\/bestsellersbv.com\\\/de\\\/#\\\/schema\\\/logo\\\/image\\\/\"}}]}<\/script>\n<!-- \/ Yoast SEO plugin. -->","yoast_head_json":{"title":"Jahreszeit und Themen - Best Sellers B.V.","description":"Schenken Sie Ihrer Kundschaft etwas Zauberhaftes mit unserer vielf\u00e4ltigen Auswahl an Weihnachtsgeschenken. Wir bieten alles von personalisierten Schmuckst\u00fccken bis hin zu unverwechselbarem Wohndekor und stellen so sicher, dass Einzelh\u00e4ndler auf den Geschmack ihres vielf\u00e4ltigen Kundenstamms eingehen k\u00f6nnen.","robots":{"index":"index","follow":"follow","max-snippet":"max-snippet:-1","max-image-preview":"max-image-preview:large","max-video-preview":"max-video-preview:-1"},"canonical":"https:\/\/bestsellersbv.com\/de\/product\/season-themes\/","og_locale":"de_DE","og_type":"article","og_title":"Jahreszeit und Themen - Best Sellers B.V.","og_description":"Schenken Sie Ihrer Kundschaft etwas Zauberhaftes mit unserer vielf\u00e4ltigen Auswahl an Weihnachtsgeschenken. Wir bieten alles von personalisierten Schmuckst\u00fccken bis hin zu unverwechselbarem Wohndekor und stellen so sicher, dass Einzelh\u00e4ndler auf den Geschmack ihres vielf\u00e4ltigen Kundenstamms eingehen k\u00f6nnen.","og_url":"https:\/\/bestsellersbv.com\/de\/product\/season-themes\/","og_site_name":"Best Sellers B.V.","article_modified_time":"2026-02-02T12:35:01+00:00","twitter_card":"summary_large_image","schema":{"@context":"https:\/\/schema.org","@graph":[{"@type":"WebPage","@id":"https:\/\/bestsellersbv.com\/de\/product\/season-themes\/","url":"https:\/\/bestsellersbv.com\/de\/product\/season-themes\/","name":"Jahreszeit und Themen - Best Sellers B.V.","isPartOf":{"@id":"https:\/\/bestsellersbv.com\/de\/#website"},"datePublished":"2023-04-19T12:13:05+00:00","dateModified":"2026-02-02T12:35:01+00:00","description":"Schenken Sie Ihrer Kundschaft etwas Zauberhaftes mit unserer vielf\u00e4ltigen Auswahl an Weihnachtsgeschenken. Wir bieten alles von personalisierten Schmuckst\u00fccken bis hin zu unverwechselbarem Wohndekor und stellen so sicher, dass Einzelh\u00e4ndler auf den Geschmack ihres vielf\u00e4ltigen Kundenstamms eingehen k\u00f6nnen.","breadcrumb":{"@id":"https:\/\/bestsellersbv.com\/de\/product\/season-themes\/#breadcrumb"},"inLanguage":"de","potentialAction":[{"@type":"ReadAction","target":["https:\/\/bestsellersbv.com\/de\/product\/season-themes\/"]}]},{"@type":"BreadcrumbList","@id":"https:\/\/bestsellersbv.com\/de\/product\/season-themes\/#breadcrumb","itemListElement":[{"@type":"ListItem","position":1,"name":"","item":"https:\/\/bestsellersbv.com\/de\/"},{"@type":"ListItem","position":2,"name":"Jahreszeit und Themen"}]},{"@type":"WebSite","@id":"https:\/\/bestsellersbv.com\/de\/#website","url":"https:\/\/bestsellersbv.com\/de\/","name":"Best Sellers B.V.","description":"","publisher":{"@id":"https:\/\/bestsellersbv.com\/de\/#organization"},"potentialAction":[{"@type":"SearchAction","target":{"@type":"EntryPoint","urlTemplate":"https:\/\/bestsellersbv.com\/de\/?s={search_term_string}"},"query-input":{"@type":"PropertyValueSpecification","valueRequired":true,"valueName":"search_term_string"}}],"inLanguage":"de"},{"@type":"Organization","@id":"https:\/\/bestsellersbv.com\/de\/#organization","name":"Best Sellers B.V.","url":"https:\/\/bestsellersbv.com\/de\/","logo":{"@type":"ImageObject","inLanguage":"de","@id":"https:\/\/bestsellersbv.com\/de\/#\/schema\/logo\/image\/","url":"https:\/\/bestsellersbv.com\/wp-content\/uploads\/2023\/11\/BestSellersLogo.png","contentUrl":"https:\/\/bestsellersbv.com\/wp-content\/uploads\/2023\/11\/BestSellersLogo.png","width":251,"height":113,"caption":"Best Sellers B.V."},"image":{"@id":"https:\/\/bestsellersbv.com\/de\/#\/schema\/logo\/image\/"}}]}},"acf":[],"_links":{"self":[{"href":"https:\/\/bestsellersbv.com\/de\/wp-json\/wp\/v2\/product\/1580","targetHints":{"allow":["GET"]}}],"collection":[{"href":"https:\/\/bestsellersbv.com\/de\/wp-json\/wp\/v2\/product"}],"about":[{"href":"https:\/\/bestsellersbv.com\/de\/wp-json\/wp\/v2\/types\/product"}],"wp:attachment":[{"href":"https:\/\/bestsellersbv.com\/de\/wp-json\/wp\/v2\/media?parent=1580"}],"curies":[{"name":"wp","href":"https:\/\/api.w.org\/{rel}","templated":true}]}}