{"id":1581,"date":"2023-04-19T12:10:04","date_gmt":"2023-04-19T12:10:04","guid":{"rendered":"https:\/\/bestsellersbv.com\/product\/artificial-flowers-plants\/"},"modified":"2026-02-02T12:32:29","modified_gmt":"2026-02-02T12:32:29","slug":"artificial-flowers-plants","status":"publish","type":"product","link":"https:\/\/bestsellersbv.com\/de\/product\/artificial-flowers-plants\/","title":{"rendered":"K\u00fcnstliche Blumen und Pflanzen"},"featured_media":0,"template":"","class_list":["post-1581","product","type-product","status-publish","hentry"],"yoast_head":"<!-- This site is optimized with the Yoast SEO plugin v27.3 - https:\/\/yoast.com\/product\/yoast-seo-wordpress\/ -->\n<title>K\u00fcnstliche Blumen und Pflanzen - Best Sellers B.V.<\/title>\n<meta name=\"description\" content=\"Bieten Sie Ihrer Kundschaft das ganze Jahr \u00fcber Freude an leuchtenden Bl\u00fcten und \u00fcppigem Gr\u00fcn, die sorgf\u00e4ltig verarbeitet wurden, um die Sch\u00f6nheit der Natur widerzuspiegeln.\" \/>\n<meta name=\"robots\" content=\"index, follow, max-snippet:-1, max-image-preview:large, max-video-preview:-1\" \/>\n<link rel=\"canonical\" href=\"https:\/\/bestsellersbv.com\/de\/product\/artificial-flowers-plants\/\" \/>\n<meta property=\"og:locale\" content=\"de_DE\" \/>\n<meta property=\"og:type\" content=\"article\" \/>\n<meta property=\"og:title\" content=\"K\u00fcnstliche Blumen und Pflanzen - Best Sellers B.V.\" \/>\n<meta property=\"og:description\" content=\"Bieten Sie Ihrer Kundschaft das ganze Jahr \u00fcber Freude an leuchtenden Bl\u00fcten und \u00fcppigem Gr\u00fcn, die sorgf\u00e4ltig verarbeitet wurden, um die Sch\u00f6nheit der Natur widerzuspiegeln.\" \/>\n<meta property=\"og:url\" content=\"https:\/\/bestsellersbv.com\/de\/product\/artificial-flowers-plants\/\" \/>\n<meta property=\"og:site_name\" content=\"Best Sellers B.V.\" \/>\n<meta property=\"article:modified_time\" content=\"2026-02-02T12:32:29+00:00\" \/>\n<meta name=\"twitter:card\" content=\"summary_large_image\" \/>\n<script type=\"application\/ld+json\" class=\"yoast-schema-graph\">{\"@context\":\"https:\\\/\\\/schema.org\",\"@graph\":[{\"@type\":\"WebPage\",\"@id\":\"https:\\\/\\\/bestsellersbv.com\\\/de\\\/product\\\/artificial-flowers-plants\\\/\",\"url\":\"https:\\\/\\\/bestsellersbv.com\\\/de\\\/product\\\/artificial-flowers-plants\\\/\",\"name\":\"K\u00fcnstliche Blumen und Pflanzen - Best Sellers B.V.\",\"isPartOf\":{\"@id\":\"https:\\\/\\\/bestsellersbv.com\\\/de\\\/#website\"},\"datePublished\":\"2023-04-19T12:10:04+00:00\",\"dateModified\":\"2026-02-02T12:32:29+00:00\",\"description\":\"Bieten Sie Ihrer Kundschaft das ganze Jahr \u00fcber Freude an leuchtenden Bl\u00fcten und \u00fcppigem Gr\u00fcn, die sorgf\u00e4ltig verarbeitet wurden, um die Sch\u00f6nheit der Natur widerzuspiegeln.\",\"breadcrumb\":{\"@id\":\"https:\\\/\\\/bestsellersbv.com\\\/de\\\/product\\\/artificial-flowers-plants\\\/#breadcrumb\"},\"inLanguage\":\"de\",\"potentialAction\":[{\"@type\":\"ReadAction\",\"target\":[\"https:\\\/\\\/bestsellersbv.com\\\/de\\\/product\\\/artificial-flowers-plants\\\/\"]}]},{\"@type\":\"BreadcrumbList\",\"@id\":\"https:\\\/\\\/bestsellersbv.com\\\/de\\\/product\\\/artificial-flowers-plants\\\/#breadcrumb\",\"itemListElement\":[{\"@type\":\"ListItem\",\"position\":1,\"name\":\"\",\"item\":\"https:\\\/\\\/bestsellersbv.com\\\/de\\\/\"},{\"@type\":\"ListItem\",\"position\":2,\"name\":\"K\u00fcnstliche Blumen und Pflanzen\"}]},{\"@type\":\"WebSite\",\"@id\":\"https:\\\/\\\/bestsellersbv.com\\\/de\\\/#website\",\"url\":\"https:\\\/\\\/bestsellersbv.com\\\/de\\\/\",\"name\":\"Best Sellers B.V.\",\"description\":\"\",\"publisher\":{\"@id\":\"https:\\\/\\\/bestsellersbv.com\\\/de\\\/#organization\"},\"potentialAction\":[{\"@type\":\"SearchAction\",\"target\":{\"@type\":\"EntryPoint\",\"urlTemplate\":\"https:\\\/\\\/bestsellersbv.com\\\/de\\\/?s={search_term_string}\"},\"query-input\":{\"@type\":\"PropertyValueSpecification\",\"valueRequired\":true,\"valueName\":\"search_term_string\"}}],\"inLanguage\":\"de\"},{\"@type\":\"Organization\",\"@id\":\"https:\\\/\\\/bestsellersbv.com\\\/de\\\/#organization\",\"name\":\"Best Sellers B.V.\",\"url\":\"https:\\\/\\\/bestsellersbv.com\\\/de\\\/\",\"logo\":{\"@type\":\"ImageObject\",\"inLanguage\":\"de\",\"@id\":\"https:\\\/\\\/bestsellersbv.com\\\/de\\\/#\\\/schema\\\/logo\\\/image\\\/\",\"url\":\"https:\\\/\\\/bestsellersbv.com\\\/wp-content\\\/uploads\\\/2023\\\/11\\\/BestSellersLogo.png\",\"contentUrl\":\"https:\\\/\\\/bestsellersbv.com\\\/wp-content\\\/uploads\\\/2023\\\/11\\\/BestSellersLogo.png\",\"width\":251,\"height\":113,\"caption\":\"Best Sellers B.V.\"},\"image\":{\"@id\":\"https:\\\/\\\/bestsellersbv.com\\\/de\\\/#\\\/schema\\\/logo\\\/image\\\/\"}}]}<\/script>\n<!-- \/ Yoast SEO plugin. -->","yoast_head_json":{"title":"K\u00fcnstliche Blumen und Pflanzen - Best Sellers B.V.","description":"Bieten Sie Ihrer Kundschaft das ganze Jahr \u00fcber Freude an leuchtenden Bl\u00fcten und \u00fcppigem Gr\u00fcn, die sorgf\u00e4ltig verarbeitet wurden, um die Sch\u00f6nheit der Natur widerzuspiegeln.","robots":{"index":"index","follow":"follow","max-snippet":"max-snippet:-1","max-image-preview":"max-image-preview:large","max-video-preview":"max-video-preview:-1"},"canonical":"https:\/\/bestsellersbv.com\/de\/product\/artificial-flowers-plants\/","og_locale":"de_DE","og_type":"article","og_title":"K\u00fcnstliche Blumen und Pflanzen - Best Sellers B.V.","og_description":"Bieten Sie Ihrer Kundschaft das ganze Jahr \u00fcber Freude an leuchtenden Bl\u00fcten und \u00fcppigem Gr\u00fcn, die sorgf\u00e4ltig verarbeitet wurden, um die Sch\u00f6nheit der Natur widerzuspiegeln.","og_url":"https:\/\/bestsellersbv.com\/de\/product\/artificial-flowers-plants\/","og_site_name":"Best Sellers B.V.","article_modified_time":"2026-02-02T12:32:29+00:00","twitter_card":"summary_large_image","schema":{"@context":"https:\/\/schema.org","@graph":[{"@type":"WebPage","@id":"https:\/\/bestsellersbv.com\/de\/product\/artificial-flowers-plants\/","url":"https:\/\/bestsellersbv.com\/de\/product\/artificial-flowers-plants\/","name":"K\u00fcnstliche Blumen und Pflanzen - Best Sellers B.V.","isPartOf":{"@id":"https:\/\/bestsellersbv.com\/de\/#website"},"datePublished":"2023-04-19T12:10:04+00:00","dateModified":"2026-02-02T12:32:29+00:00","description":"Bieten Sie Ihrer Kundschaft das ganze Jahr \u00fcber Freude an leuchtenden Bl\u00fcten und \u00fcppigem Gr\u00fcn, die sorgf\u00e4ltig verarbeitet wurden, um die Sch\u00f6nheit der Natur widerzuspiegeln.","breadcrumb":{"@id":"https:\/\/bestsellersbv.com\/de\/product\/artificial-flowers-plants\/#breadcrumb"},"inLanguage":"de","potentialAction":[{"@type":"ReadAction","target":["https:\/\/bestsellersbv.com\/de\/product\/artificial-flowers-plants\/"]}]},{"@type":"BreadcrumbList","@id":"https:\/\/bestsellersbv.com\/de\/product\/artificial-flowers-plants\/#breadcrumb","itemListElement":[{"@type":"ListItem","position":1,"name":"","item":"https:\/\/bestsellersbv.com\/de\/"},{"@type":"ListItem","position":2,"name":"K\u00fcnstliche Blumen und Pflanzen"}]},{"@type":"WebSite","@id":"https:\/\/bestsellersbv.com\/de\/#website","url":"https:\/\/bestsellersbv.com\/de\/","name":"Best Sellers B.V.","description":"","publisher":{"@id":"https:\/\/bestsellersbv.com\/de\/#organization"},"potentialAction":[{"@type":"SearchAction","target":{"@type":"EntryPoint","urlTemplate":"https:\/\/bestsellersbv.com\/de\/?s={search_term_string}"},"query-input":{"@type":"PropertyValueSpecification","valueRequired":true,"valueName":"search_term_string"}}],"inLanguage":"de"},{"@type":"Organization","@id":"https:\/\/bestsellersbv.com\/de\/#organization","name":"Best Sellers B.V.","url":"https:\/\/bestsellersbv.com\/de\/","logo":{"@type":"ImageObject","inLanguage":"de","@id":"https:\/\/bestsellersbv.com\/de\/#\/schema\/logo\/image\/","url":"https:\/\/bestsellersbv.com\/wp-content\/uploads\/2023\/11\/BestSellersLogo.png","contentUrl":"https:\/\/bestsellersbv.com\/wp-content\/uploads\/2023\/11\/BestSellersLogo.png","width":251,"height":113,"caption":"Best Sellers B.V."},"image":{"@id":"https:\/\/bestsellersbv.com\/de\/#\/schema\/logo\/image\/"}}]}},"acf":[],"_links":{"self":[{"href":"https:\/\/bestsellersbv.com\/de\/wp-json\/wp\/v2\/product\/1581","targetHints":{"allow":["GET"]}}],"collection":[{"href":"https:\/\/bestsellersbv.com\/de\/wp-json\/wp\/v2\/product"}],"about":[{"href":"https:\/\/bestsellersbv.com\/de\/wp-json\/wp\/v2\/types\/product"}],"wp:attachment":[{"href":"https:\/\/bestsellersbv.com\/de\/wp-json\/wp\/v2\/media?parent=1581"}],"curies":[{"name":"wp","href":"https:\/\/api.w.org\/{rel}","templated":true}]}}