{"id":1583,"date":"2023-04-19T12:06:49","date_gmt":"2023-04-19T12:06:49","guid":{"rendered":"https:\/\/bestsellersbv.com\/product\/household\/"},"modified":"2026-02-02T12:34:12","modified_gmt":"2026-02-02T12:34:12","slug":"household","status":"publish","type":"product","link":"https:\/\/bestsellersbv.com\/de\/product\/household\/","title":{"rendered":"Haushalt"},"featured_media":0,"template":"","class_list":["post-1583","product","type-product","status-publish","hentry"],"yoast_head":"<!-- This site is optimized with the Yoast SEO plugin v27.3 - https:\/\/yoast.com\/product\/yoast-seo-wordpress\/ -->\n<title>Haushalt - Best Sellers B.V.<\/title>\n<meta name=\"description\" content=\"Helfen Sie Ihrer Kundschaft, die Kunst des Gastgebens und Essens mit unseren schicken K\u00fcchen- und Essutensilien zu genie\u00dfen. Unser Sortiment umfasst langlebige Schneidebretter, elegante Sch\u00fcsseln sowie vielseitige Tabletts und Tischsets, die daf\u00fcr sorgen, dass ihre Kunden ihre Mahlzeiten mit Eleganz pr\u00e4sentieren und genie\u00dfen k\u00f6nnen.\" \/>\n<meta name=\"robots\" content=\"index, follow, max-snippet:-1, max-image-preview:large, max-video-preview:-1\" \/>\n<link rel=\"canonical\" href=\"https:\/\/bestsellersbv.com\/de\/product\/household\/\" \/>\n<meta property=\"og:locale\" content=\"de_DE\" \/>\n<meta property=\"og:type\" content=\"article\" \/>\n<meta property=\"og:title\" content=\"Haushalt - Best Sellers B.V.\" \/>\n<meta property=\"og:description\" content=\"Helfen Sie Ihrer Kundschaft, die Kunst des Gastgebens und Essens mit unseren schicken K\u00fcchen- und Essutensilien zu genie\u00dfen. Unser Sortiment umfasst langlebige Schneidebretter, elegante Sch\u00fcsseln sowie vielseitige Tabletts und Tischsets, die daf\u00fcr sorgen, dass ihre Kunden ihre Mahlzeiten mit Eleganz pr\u00e4sentieren und genie\u00dfen k\u00f6nnen.\" \/>\n<meta property=\"og:url\" content=\"https:\/\/bestsellersbv.com\/de\/product\/household\/\" \/>\n<meta property=\"og:site_name\" content=\"Best Sellers B.V.\" \/>\n<meta property=\"article:modified_time\" content=\"2026-02-02T12:34:12+00:00\" \/>\n<meta name=\"twitter:card\" content=\"summary_large_image\" \/>\n<script type=\"application\/ld+json\" class=\"yoast-schema-graph\">{\"@context\":\"https:\\\/\\\/schema.org\",\"@graph\":[{\"@type\":\"WebPage\",\"@id\":\"https:\\\/\\\/bestsellersbv.com\\\/de\\\/product\\\/household\\\/\",\"url\":\"https:\\\/\\\/bestsellersbv.com\\\/de\\\/product\\\/household\\\/\",\"name\":\"Haushalt - Best Sellers B.V.\",\"isPartOf\":{\"@id\":\"https:\\\/\\\/bestsellersbv.com\\\/de\\\/#website\"},\"datePublished\":\"2023-04-19T12:06:49+00:00\",\"dateModified\":\"2026-02-02T12:34:12+00:00\",\"description\":\"Helfen Sie Ihrer Kundschaft, die Kunst des Gastgebens und Essens mit unseren schicken K\u00fcchen- und Essutensilien zu genie\u00dfen. Unser Sortiment umfasst langlebige Schneidebretter, elegante Sch\u00fcsseln sowie vielseitige Tabletts und Tischsets, die daf\u00fcr sorgen, dass ihre Kunden ihre Mahlzeiten mit Eleganz pr\u00e4sentieren und genie\u00dfen k\u00f6nnen.\",\"breadcrumb\":{\"@id\":\"https:\\\/\\\/bestsellersbv.com\\\/de\\\/product\\\/household\\\/#breadcrumb\"},\"inLanguage\":\"de\",\"potentialAction\":[{\"@type\":\"ReadAction\",\"target\":[\"https:\\\/\\\/bestsellersbv.com\\\/de\\\/product\\\/household\\\/\"]}]},{\"@type\":\"BreadcrumbList\",\"@id\":\"https:\\\/\\\/bestsellersbv.com\\\/de\\\/product\\\/household\\\/#breadcrumb\",\"itemListElement\":[{\"@type\":\"ListItem\",\"position\":1,\"name\":\"\",\"item\":\"https:\\\/\\\/bestsellersbv.com\\\/de\\\/\"},{\"@type\":\"ListItem\",\"position\":2,\"name\":\"Haushalt\"}]},{\"@type\":\"WebSite\",\"@id\":\"https:\\\/\\\/bestsellersbv.com\\\/de\\\/#website\",\"url\":\"https:\\\/\\\/bestsellersbv.com\\\/de\\\/\",\"name\":\"Best Sellers B.V.\",\"description\":\"\",\"publisher\":{\"@id\":\"https:\\\/\\\/bestsellersbv.com\\\/de\\\/#organization\"},\"potentialAction\":[{\"@type\":\"SearchAction\",\"target\":{\"@type\":\"EntryPoint\",\"urlTemplate\":\"https:\\\/\\\/bestsellersbv.com\\\/de\\\/?s={search_term_string}\"},\"query-input\":{\"@type\":\"PropertyValueSpecification\",\"valueRequired\":true,\"valueName\":\"search_term_string\"}}],\"inLanguage\":\"de\"},{\"@type\":\"Organization\",\"@id\":\"https:\\\/\\\/bestsellersbv.com\\\/de\\\/#organization\",\"name\":\"Best Sellers B.V.\",\"url\":\"https:\\\/\\\/bestsellersbv.com\\\/de\\\/\",\"logo\":{\"@type\":\"ImageObject\",\"inLanguage\":\"de\",\"@id\":\"https:\\\/\\\/bestsellersbv.com\\\/de\\\/#\\\/schema\\\/logo\\\/image\\\/\",\"url\":\"https:\\\/\\\/bestsellersbv.com\\\/wp-content\\\/uploads\\\/2023\\\/11\\\/BestSellersLogo.png\",\"contentUrl\":\"https:\\\/\\\/bestsellersbv.com\\\/wp-content\\\/uploads\\\/2023\\\/11\\\/BestSellersLogo.png\",\"width\":251,\"height\":113,\"caption\":\"Best Sellers B.V.\"},\"image\":{\"@id\":\"https:\\\/\\\/bestsellersbv.com\\\/de\\\/#\\\/schema\\\/logo\\\/image\\\/\"}}]}<\/script>\n<!-- \/ Yoast SEO plugin. -->","yoast_head_json":{"title":"Haushalt - Best Sellers B.V.","description":"Helfen Sie Ihrer Kundschaft, die Kunst des Gastgebens und Essens mit unseren schicken K\u00fcchen- und Essutensilien zu genie\u00dfen. Unser Sortiment umfasst langlebige Schneidebretter, elegante Sch\u00fcsseln sowie vielseitige Tabletts und Tischsets, die daf\u00fcr sorgen, dass ihre Kunden ihre Mahlzeiten mit Eleganz pr\u00e4sentieren und genie\u00dfen k\u00f6nnen.","robots":{"index":"index","follow":"follow","max-snippet":"max-snippet:-1","max-image-preview":"max-image-preview:large","max-video-preview":"max-video-preview:-1"},"canonical":"https:\/\/bestsellersbv.com\/de\/product\/household\/","og_locale":"de_DE","og_type":"article","og_title":"Haushalt - Best Sellers B.V.","og_description":"Helfen Sie Ihrer Kundschaft, die Kunst des Gastgebens und Essens mit unseren schicken K\u00fcchen- und Essutensilien zu genie\u00dfen. Unser Sortiment umfasst langlebige Schneidebretter, elegante Sch\u00fcsseln sowie vielseitige Tabletts und Tischsets, die daf\u00fcr sorgen, dass ihre Kunden ihre Mahlzeiten mit Eleganz pr\u00e4sentieren und genie\u00dfen k\u00f6nnen.","og_url":"https:\/\/bestsellersbv.com\/de\/product\/household\/","og_site_name":"Best Sellers B.V.","article_modified_time":"2026-02-02T12:34:12+00:00","twitter_card":"summary_large_image","schema":{"@context":"https:\/\/schema.org","@graph":[{"@type":"WebPage","@id":"https:\/\/bestsellersbv.com\/de\/product\/household\/","url":"https:\/\/bestsellersbv.com\/de\/product\/household\/","name":"Haushalt - Best Sellers B.V.","isPartOf":{"@id":"https:\/\/bestsellersbv.com\/de\/#website"},"datePublished":"2023-04-19T12:06:49+00:00","dateModified":"2026-02-02T12:34:12+00:00","description":"Helfen Sie Ihrer Kundschaft, die Kunst des Gastgebens und Essens mit unseren schicken K\u00fcchen- und Essutensilien zu genie\u00dfen. Unser Sortiment umfasst langlebige Schneidebretter, elegante Sch\u00fcsseln sowie vielseitige Tabletts und Tischsets, die daf\u00fcr sorgen, dass ihre Kunden ihre Mahlzeiten mit Eleganz pr\u00e4sentieren und genie\u00dfen k\u00f6nnen.","breadcrumb":{"@id":"https:\/\/bestsellersbv.com\/de\/product\/household\/#breadcrumb"},"inLanguage":"de","potentialAction":[{"@type":"ReadAction","target":["https:\/\/bestsellersbv.com\/de\/product\/household\/"]}]},{"@type":"BreadcrumbList","@id":"https:\/\/bestsellersbv.com\/de\/product\/household\/#breadcrumb","itemListElement":[{"@type":"ListItem","position":1,"name":"","item":"https:\/\/bestsellersbv.com\/de\/"},{"@type":"ListItem","position":2,"name":"Haushalt"}]},{"@type":"WebSite","@id":"https:\/\/bestsellersbv.com\/de\/#website","url":"https:\/\/bestsellersbv.com\/de\/","name":"Best Sellers B.V.","description":"","publisher":{"@id":"https:\/\/bestsellersbv.com\/de\/#organization"},"potentialAction":[{"@type":"SearchAction","target":{"@type":"EntryPoint","urlTemplate":"https:\/\/bestsellersbv.com\/de\/?s={search_term_string}"},"query-input":{"@type":"PropertyValueSpecification","valueRequired":true,"valueName":"search_term_string"}}],"inLanguage":"de"},{"@type":"Organization","@id":"https:\/\/bestsellersbv.com\/de\/#organization","name":"Best Sellers B.V.","url":"https:\/\/bestsellersbv.com\/de\/","logo":{"@type":"ImageObject","inLanguage":"de","@id":"https:\/\/bestsellersbv.com\/de\/#\/schema\/logo\/image\/","url":"https:\/\/bestsellersbv.com\/wp-content\/uploads\/2023\/11\/BestSellersLogo.png","contentUrl":"https:\/\/bestsellersbv.com\/wp-content\/uploads\/2023\/11\/BestSellersLogo.png","width":251,"height":113,"caption":"Best Sellers B.V."},"image":{"@id":"https:\/\/bestsellersbv.com\/de\/#\/schema\/logo\/image\/"}}]}},"acf":[],"_links":{"self":[{"href":"https:\/\/bestsellersbv.com\/de\/wp-json\/wp\/v2\/product\/1583","targetHints":{"allow":["GET"]}}],"collection":[{"href":"https:\/\/bestsellersbv.com\/de\/wp-json\/wp\/v2\/product"}],"about":[{"href":"https:\/\/bestsellersbv.com\/de\/wp-json\/wp\/v2\/types\/product"}],"wp:attachment":[{"href":"https:\/\/bestsellersbv.com\/de\/wp-json\/wp\/v2\/media?parent=1583"}],"curies":[{"name":"wp","href":"https:\/\/api.w.org\/{rel}","templated":true}]}}