{"id":178484,"date":"2023-04-19T11:36:17","date_gmt":"2023-04-19T11:36:17","guid":{"rendered":"https:\/\/bestsellersbv.com\/contact\/"},"modified":"2026-02-02T09:49:33","modified_gmt":"2026-02-02T09:49:33","slug":"contact","status":"publish","type":"page","link":"https:\/\/bestsellersbv.com\/es\/contact\/","title":{"rendered":"P\u00f3ngase en contacto con"},"content":{"rendered":"","protected":false},"excerpt":{"rendered":"","protected":false},"author":1,"featured_media":0,"parent":0,"menu_order":0,"comment_status":"closed","ping_status":"closed","template":"","meta":{"inline_featured_image":false,"_monsterinsights_skip_tracking":false,"_monsterinsights_sitenote_active":false,"_monsterinsights_sitenote_note":"","_monsterinsights_sitenote_category":0,"footnotes":""},"class_list":["post-178484","page","type-page","status-publish","hentry"],"yoast_head":"<!-- This site is optimized with the Yoast SEO plugin v27.3 - https:\/\/yoast.com\/product\/yoast-seo-wordpress\/ -->\n<title>P\u00f3ngase en contacto con - Best Sellers B.V.<\/title>\n<meta name=\"description\" content=\"P\u00f3ngase en contacto con nosotros. Nos encantar\u00eda ponernos en contacto. Ofrecemos varias formas de hacerlo. Lo m\u00e1s f\u00e1cil es que nos llame o, mejor a\u00fan, que nos env\u00ede un mensaje y le llamaremos.\" \/>\n<meta name=\"robots\" content=\"index, follow, max-snippet:-1, max-image-preview:large, max-video-preview:-1\" \/>\n<link rel=\"canonical\" href=\"https:\/\/bestsellersbv.com\/es\/contact\/\" \/>\n<meta property=\"og:locale\" content=\"es_ES\" \/>\n<meta property=\"og:type\" content=\"article\" \/>\n<meta property=\"og:title\" content=\"P\u00f3ngase en contacto con - Best Sellers B.V.\" \/>\n<meta property=\"og:description\" content=\"P\u00f3ngase en contacto con nosotros. Nos encantar\u00eda ponernos en contacto. Ofrecemos varias formas de hacerlo. Lo m\u00e1s f\u00e1cil es que nos llame o, mejor a\u00fan, que nos env\u00ede un mensaje y le llamaremos.\" \/>\n<meta property=\"og:url\" content=\"https:\/\/bestsellersbv.com\/es\/contact\/\" \/>\n<meta property=\"og:site_name\" content=\"Best Sellers B.V.\" \/>\n<meta property=\"article:modified_time\" content=\"2026-02-02T09:49:33+00:00\" \/>\n<meta name=\"twitter:card\" content=\"summary_large_image\" \/>\n<script type=\"application\/ld+json\" class=\"yoast-schema-graph\">{\"@context\":\"https:\\\/\\\/schema.org\",\"@graph\":[{\"@type\":\"WebPage\",\"@id\":\"https:\\\/\\\/bestsellersbv.com\\\/es\\\/contact\\\/\",\"url\":\"https:\\\/\\\/bestsellersbv.com\\\/es\\\/contact\\\/\",\"name\":\"P\u00f3ngase en contacto con - Best Sellers B.V.\",\"isPartOf\":{\"@id\":\"https:\\\/\\\/bestsellersbv.com\\\/es\\\/#website\"},\"datePublished\":\"2023-04-19T11:36:17+00:00\",\"dateModified\":\"2026-02-02T09:49:33+00:00\",\"description\":\"P\u00f3ngase en contacto con nosotros. Nos encantar\u00eda ponernos en contacto. Ofrecemos varias formas de hacerlo. Lo m\u00e1s f\u00e1cil es que nos llame o, mejor a\u00fan, que nos env\u00ede un mensaje y le llamaremos.\",\"breadcrumb\":{\"@id\":\"https:\\\/\\\/bestsellersbv.com\\\/es\\\/contact\\\/#breadcrumb\"},\"inLanguage\":\"es\",\"potentialAction\":[{\"@type\":\"ReadAction\",\"target\":[\"https:\\\/\\\/bestsellersbv.com\\\/es\\\/contact\\\/\"]}]},{\"@type\":\"BreadcrumbList\",\"@id\":\"https:\\\/\\\/bestsellersbv.com\\\/es\\\/contact\\\/#breadcrumb\",\"itemListElement\":[{\"@type\":\"ListItem\",\"position\":1,\"name\":\"\",\"item\":\"https:\\\/\\\/bestsellersbv.com\\\/es\\\/\"},{\"@type\":\"ListItem\",\"position\":2,\"name\":\"P\u00f3ngase en contacto con\"}]},{\"@type\":\"WebSite\",\"@id\":\"https:\\\/\\\/bestsellersbv.com\\\/es\\\/#website\",\"url\":\"https:\\\/\\\/bestsellersbv.com\\\/es\\\/\",\"name\":\"Best Sellers B.V.\",\"description\":\"\",\"publisher\":{\"@id\":\"https:\\\/\\\/bestsellersbv.com\\\/es\\\/#organization\"},\"potentialAction\":[{\"@type\":\"SearchAction\",\"target\":{\"@type\":\"EntryPoint\",\"urlTemplate\":\"https:\\\/\\\/bestsellersbv.com\\\/es\\\/?s={search_term_string}\"},\"query-input\":{\"@type\":\"PropertyValueSpecification\",\"valueRequired\":true,\"valueName\":\"search_term_string\"}}],\"inLanguage\":\"es\"},{\"@type\":\"Organization\",\"@id\":\"https:\\\/\\\/bestsellersbv.com\\\/es\\\/#organization\",\"name\":\"Best Sellers B.V.\",\"url\":\"https:\\\/\\\/bestsellersbv.com\\\/es\\\/\",\"logo\":{\"@type\":\"ImageObject\",\"inLanguage\":\"es\",\"@id\":\"https:\\\/\\\/bestsellersbv.com\\\/es\\\/#\\\/schema\\\/logo\\\/image\\\/\",\"url\":\"https:\\\/\\\/bestsellersbv.com\\\/wp-content\\\/uploads\\\/2023\\\/11\\\/BestSellersLogo.png\",\"contentUrl\":\"https:\\\/\\\/bestsellersbv.com\\\/wp-content\\\/uploads\\\/2023\\\/11\\\/BestSellersLogo.png\",\"width\":251,\"height\":113,\"caption\":\"Best Sellers B.V.\"},\"image\":{\"@id\":\"https:\\\/\\\/bestsellersbv.com\\\/es\\\/#\\\/schema\\\/logo\\\/image\\\/\"}}]}<\/script>\n<!-- \/ Yoast SEO plugin. -->","yoast_head_json":{"title":"P\u00f3ngase en contacto con - Best Sellers B.V.","description":"P\u00f3ngase en contacto con nosotros. Nos encantar\u00eda ponernos en contacto. Ofrecemos varias formas de hacerlo. Lo m\u00e1s f\u00e1cil es que nos llame o, mejor a\u00fan, que nos env\u00ede un mensaje y le llamaremos.","robots":{"index":"index","follow":"follow","max-snippet":"max-snippet:-1","max-image-preview":"max-image-preview:large","max-video-preview":"max-video-preview:-1"},"canonical":"https:\/\/bestsellersbv.com\/es\/contact\/","og_locale":"es_ES","og_type":"article","og_title":"P\u00f3ngase en contacto con - Best Sellers B.V.","og_description":"P\u00f3ngase en contacto con nosotros. Nos encantar\u00eda ponernos en contacto. Ofrecemos varias formas de hacerlo. Lo m\u00e1s f\u00e1cil es que nos llame o, mejor a\u00fan, que nos env\u00ede un mensaje y le llamaremos.","og_url":"https:\/\/bestsellersbv.com\/es\/contact\/","og_site_name":"Best Sellers B.V.","article_modified_time":"2026-02-02T09:49:33+00:00","twitter_card":"summary_large_image","schema":{"@context":"https:\/\/schema.org","@graph":[{"@type":"WebPage","@id":"https:\/\/bestsellersbv.com\/es\/contact\/","url":"https:\/\/bestsellersbv.com\/es\/contact\/","name":"P\u00f3ngase en contacto con - Best Sellers B.V.","isPartOf":{"@id":"https:\/\/bestsellersbv.com\/es\/#website"},"datePublished":"2023-04-19T11:36:17+00:00","dateModified":"2026-02-02T09:49:33+00:00","description":"P\u00f3ngase en contacto con nosotros. Nos encantar\u00eda ponernos en contacto. Ofrecemos varias formas de hacerlo. Lo m\u00e1s f\u00e1cil es que nos llame o, mejor a\u00fan, que nos env\u00ede un mensaje y le llamaremos.","breadcrumb":{"@id":"https:\/\/bestsellersbv.com\/es\/contact\/#breadcrumb"},"inLanguage":"es","potentialAction":[{"@type":"ReadAction","target":["https:\/\/bestsellersbv.com\/es\/contact\/"]}]},{"@type":"BreadcrumbList","@id":"https:\/\/bestsellersbv.com\/es\/contact\/#breadcrumb","itemListElement":[{"@type":"ListItem","position":1,"name":"","item":"https:\/\/bestsellersbv.com\/es\/"},{"@type":"ListItem","position":2,"name":"P\u00f3ngase en contacto con"}]},{"@type":"WebSite","@id":"https:\/\/bestsellersbv.com\/es\/#website","url":"https:\/\/bestsellersbv.com\/es\/","name":"Best Sellers B.V.","description":"","publisher":{"@id":"https:\/\/bestsellersbv.com\/es\/#organization"},"potentialAction":[{"@type":"SearchAction","target":{"@type":"EntryPoint","urlTemplate":"https:\/\/bestsellersbv.com\/es\/?s={search_term_string}"},"query-input":{"@type":"PropertyValueSpecification","valueRequired":true,"valueName":"search_term_string"}}],"inLanguage":"es"},{"@type":"Organization","@id":"https:\/\/bestsellersbv.com\/es\/#organization","name":"Best Sellers B.V.","url":"https:\/\/bestsellersbv.com\/es\/","logo":{"@type":"ImageObject","inLanguage":"es","@id":"https:\/\/bestsellersbv.com\/es\/#\/schema\/logo\/image\/","url":"https:\/\/bestsellersbv.com\/wp-content\/uploads\/2023\/11\/BestSellersLogo.png","contentUrl":"https:\/\/bestsellersbv.com\/wp-content\/uploads\/2023\/11\/BestSellersLogo.png","width":251,"height":113,"caption":"Best Sellers B.V."},"image":{"@id":"https:\/\/bestsellersbv.com\/es\/#\/schema\/logo\/image\/"}}]}},"acf":[],"_links":{"self":[{"href":"https:\/\/bestsellersbv.com\/es\/wp-json\/wp\/v2\/pages\/178484","targetHints":{"allow":["GET"]}}],"collection":[{"href":"https:\/\/bestsellersbv.com\/es\/wp-json\/wp\/v2\/pages"}],"about":[{"href":"https:\/\/bestsellersbv.com\/es\/wp-json\/wp\/v2\/types\/page"}],"author":[{"embeddable":true,"href":"https:\/\/bestsellersbv.com\/es\/wp-json\/wp\/v2\/users\/1"}],"replies":[{"embeddable":true,"href":"https:\/\/bestsellersbv.com\/es\/wp-json\/wp\/v2\/comments?post=178484"}],"version-history":[{"count":70,"href":"https:\/\/bestsellersbv.com\/es\/wp-json\/wp\/v2\/pages\/178484\/revisions"}],"predecessor-version":[{"id":182234,"href":"https:\/\/bestsellersbv.com\/es\/wp-json\/wp\/v2\/pages\/178484\/revisions\/182234"}],"wp:attachment":[{"href":"https:\/\/bestsellersbv.com\/es\/wp-json\/wp\/v2\/media?parent=178484"}],"curies":[{"name":"wp","href":"https:\/\/api.w.org\/{rel}","templated":true}]}}