{"id":178664,"date":"2023-04-19T12:05:29","date_gmt":"2023-04-19T12:05:29","guid":{"rendered":"https:\/\/bestsellersbv.com\/product\/decoration\/"},"modified":"2026-02-16T09:13:38","modified_gmt":"2026-02-16T09:13:38","slug":"decoration","status":"publish","type":"product","link":"https:\/\/bestsellersbv.com\/es\/product\/decoration\/","title":{"rendered":"Decoraci\u00f3n"},"featured_media":0,"template":"","class_list":["post-178664","product","type-product","status-publish","hentry"],"yoast_head":"<!-- This site is optimized with the Yoast SEO plugin v27.3 - https:\/\/yoast.com\/product\/yoast-seo-wordpress\/ -->\n<title>Decoraci\u00f3n - Best Sellers B.V.<\/title>\n<meta name=\"description\" content=\"Eleve la oferta de su negocio con nuestra exquisita colecci\u00f3n de decoraci\u00f3n de interiores y accesorios. Desde arte abstracto contempor\u00e1neo hasta dise\u00f1os vintage atemporales, le ofrecemos una selecci\u00f3n meticulosamente seleccionada, perfecta para su clientela y adaptada a distintos gustos y estilos de interior.\" \/>\n<meta name=\"robots\" content=\"index, follow, max-snippet:-1, max-image-preview:large, max-video-preview:-1\" \/>\n<link rel=\"canonical\" href=\"https:\/\/bestsellersbv.com\/es\/product\/decoration\/\" \/>\n<meta property=\"og:locale\" content=\"es_ES\" \/>\n<meta property=\"og:type\" content=\"article\" \/>\n<meta property=\"og:title\" content=\"Decoraci\u00f3n - Best Sellers B.V.\" \/>\n<meta property=\"og:description\" content=\"Eleve la oferta de su negocio con nuestra exquisita colecci\u00f3n de decoraci\u00f3n de interiores y accesorios. Desde arte abstracto contempor\u00e1neo hasta dise\u00f1os vintage atemporales, le ofrecemos una selecci\u00f3n meticulosamente seleccionada, perfecta para su clientela y adaptada a distintos gustos y estilos de interior.\" \/>\n<meta property=\"og:url\" content=\"https:\/\/bestsellersbv.com\/es\/product\/decoration\/\" \/>\n<meta property=\"og:site_name\" content=\"Best Sellers B.V.\" \/>\n<meta property=\"article:modified_time\" content=\"2026-02-16T09:13:38+00:00\" \/>\n<meta name=\"twitter:card\" content=\"summary_large_image\" \/>\n<script type=\"application\/ld+json\" class=\"yoast-schema-graph\">{\"@context\":\"https:\\\/\\\/schema.org\",\"@graph\":[{\"@type\":\"WebPage\",\"@id\":\"https:\\\/\\\/bestsellersbv.com\\\/es\\\/product\\\/decoration\\\/\",\"url\":\"https:\\\/\\\/bestsellersbv.com\\\/es\\\/product\\\/decoration\\\/\",\"name\":\"Decoraci\u00f3n - Best Sellers B.V.\",\"isPartOf\":{\"@id\":\"https:\\\/\\\/bestsellersbv.com\\\/es\\\/#website\"},\"datePublished\":\"2023-04-19T12:05:29+00:00\",\"dateModified\":\"2026-02-16T09:13:38+00:00\",\"description\":\"Eleve la oferta de su negocio con nuestra exquisita colecci\u00f3n de decoraci\u00f3n de interiores y accesorios. Desde arte abstracto contempor\u00e1neo hasta dise\u00f1os vintage atemporales, le ofrecemos una selecci\u00f3n meticulosamente seleccionada, perfecta para su clientela y adaptada a distintos gustos y estilos de interior.\",\"breadcrumb\":{\"@id\":\"https:\\\/\\\/bestsellersbv.com\\\/es\\\/product\\\/decoration\\\/#breadcrumb\"},\"inLanguage\":\"es\",\"potentialAction\":[{\"@type\":\"ReadAction\",\"target\":[\"https:\\\/\\\/bestsellersbv.com\\\/es\\\/product\\\/decoration\\\/\"]}]},{\"@type\":\"BreadcrumbList\",\"@id\":\"https:\\\/\\\/bestsellersbv.com\\\/es\\\/product\\\/decoration\\\/#breadcrumb\",\"itemListElement\":[{\"@type\":\"ListItem\",\"position\":1,\"name\":\"\",\"item\":\"https:\\\/\\\/bestsellersbv.com\\\/es\\\/\"},{\"@type\":\"ListItem\",\"position\":2,\"name\":\"Decoraci\u00f3n\"}]},{\"@type\":\"WebSite\",\"@id\":\"https:\\\/\\\/bestsellersbv.com\\\/es\\\/#website\",\"url\":\"https:\\\/\\\/bestsellersbv.com\\\/es\\\/\",\"name\":\"Best Sellers B.V.\",\"description\":\"\",\"publisher\":{\"@id\":\"https:\\\/\\\/bestsellersbv.com\\\/es\\\/#organization\"},\"potentialAction\":[{\"@type\":\"SearchAction\",\"target\":{\"@type\":\"EntryPoint\",\"urlTemplate\":\"https:\\\/\\\/bestsellersbv.com\\\/es\\\/?s={search_term_string}\"},\"query-input\":{\"@type\":\"PropertyValueSpecification\",\"valueRequired\":true,\"valueName\":\"search_term_string\"}}],\"inLanguage\":\"es\"},{\"@type\":\"Organization\",\"@id\":\"https:\\\/\\\/bestsellersbv.com\\\/es\\\/#organization\",\"name\":\"Best Sellers B.V.\",\"url\":\"https:\\\/\\\/bestsellersbv.com\\\/es\\\/\",\"logo\":{\"@type\":\"ImageObject\",\"inLanguage\":\"es\",\"@id\":\"https:\\\/\\\/bestsellersbv.com\\\/es\\\/#\\\/schema\\\/logo\\\/image\\\/\",\"url\":\"https:\\\/\\\/bestsellersbv.com\\\/wp-content\\\/uploads\\\/2023\\\/11\\\/BestSellersLogo.png\",\"contentUrl\":\"https:\\\/\\\/bestsellersbv.com\\\/wp-content\\\/uploads\\\/2023\\\/11\\\/BestSellersLogo.png\",\"width\":251,\"height\":113,\"caption\":\"Best Sellers B.V.\"},\"image\":{\"@id\":\"https:\\\/\\\/bestsellersbv.com\\\/es\\\/#\\\/schema\\\/logo\\\/image\\\/\"}}]}<\/script>\n<!-- \/ Yoast SEO plugin. -->","yoast_head_json":{"title":"Decoraci\u00f3n - Best Sellers B.V.","description":"Eleve la oferta de su negocio con nuestra exquisita colecci\u00f3n de decoraci\u00f3n de interiores y accesorios. Desde arte abstracto contempor\u00e1neo hasta dise\u00f1os vintage atemporales, le ofrecemos una selecci\u00f3n meticulosamente seleccionada, perfecta para su clientela y adaptada a distintos gustos y estilos de interior.","robots":{"index":"index","follow":"follow","max-snippet":"max-snippet:-1","max-image-preview":"max-image-preview:large","max-video-preview":"max-video-preview:-1"},"canonical":"https:\/\/bestsellersbv.com\/es\/product\/decoration\/","og_locale":"es_ES","og_type":"article","og_title":"Decoraci\u00f3n - Best Sellers B.V.","og_description":"Eleve la oferta de su negocio con nuestra exquisita colecci\u00f3n de decoraci\u00f3n de interiores y accesorios. Desde arte abstracto contempor\u00e1neo hasta dise\u00f1os vintage atemporales, le ofrecemos una selecci\u00f3n meticulosamente seleccionada, perfecta para su clientela y adaptada a distintos gustos y estilos de interior.","og_url":"https:\/\/bestsellersbv.com\/es\/product\/decoration\/","og_site_name":"Best Sellers B.V.","article_modified_time":"2026-02-16T09:13:38+00:00","twitter_card":"summary_large_image","schema":{"@context":"https:\/\/schema.org","@graph":[{"@type":"WebPage","@id":"https:\/\/bestsellersbv.com\/es\/product\/decoration\/","url":"https:\/\/bestsellersbv.com\/es\/product\/decoration\/","name":"Decoraci\u00f3n - Best Sellers B.V.","isPartOf":{"@id":"https:\/\/bestsellersbv.com\/es\/#website"},"datePublished":"2023-04-19T12:05:29+00:00","dateModified":"2026-02-16T09:13:38+00:00","description":"Eleve la oferta de su negocio con nuestra exquisita colecci\u00f3n de decoraci\u00f3n de interiores y accesorios. Desde arte abstracto contempor\u00e1neo hasta dise\u00f1os vintage atemporales, le ofrecemos una selecci\u00f3n meticulosamente seleccionada, perfecta para su clientela y adaptada a distintos gustos y estilos de interior.","breadcrumb":{"@id":"https:\/\/bestsellersbv.com\/es\/product\/decoration\/#breadcrumb"},"inLanguage":"es","potentialAction":[{"@type":"ReadAction","target":["https:\/\/bestsellersbv.com\/es\/product\/decoration\/"]}]},{"@type":"BreadcrumbList","@id":"https:\/\/bestsellersbv.com\/es\/product\/decoration\/#breadcrumb","itemListElement":[{"@type":"ListItem","position":1,"name":"","item":"https:\/\/bestsellersbv.com\/es\/"},{"@type":"ListItem","position":2,"name":"Decoraci\u00f3n"}]},{"@type":"WebSite","@id":"https:\/\/bestsellersbv.com\/es\/#website","url":"https:\/\/bestsellersbv.com\/es\/","name":"Best Sellers B.V.","description":"","publisher":{"@id":"https:\/\/bestsellersbv.com\/es\/#organization"},"potentialAction":[{"@type":"SearchAction","target":{"@type":"EntryPoint","urlTemplate":"https:\/\/bestsellersbv.com\/es\/?s={search_term_string}"},"query-input":{"@type":"PropertyValueSpecification","valueRequired":true,"valueName":"search_term_string"}}],"inLanguage":"es"},{"@type":"Organization","@id":"https:\/\/bestsellersbv.com\/es\/#organization","name":"Best Sellers B.V.","url":"https:\/\/bestsellersbv.com\/es\/","logo":{"@type":"ImageObject","inLanguage":"es","@id":"https:\/\/bestsellersbv.com\/es\/#\/schema\/logo\/image\/","url":"https:\/\/bestsellersbv.com\/wp-content\/uploads\/2023\/11\/BestSellersLogo.png","contentUrl":"https:\/\/bestsellersbv.com\/wp-content\/uploads\/2023\/11\/BestSellersLogo.png","width":251,"height":113,"caption":"Best Sellers B.V."},"image":{"@id":"https:\/\/bestsellersbv.com\/es\/#\/schema\/logo\/image\/"}}]}},"acf":[],"_links":{"self":[{"href":"https:\/\/bestsellersbv.com\/es\/wp-json\/wp\/v2\/product\/178664","targetHints":{"allow":["GET"]}}],"collection":[{"href":"https:\/\/bestsellersbv.com\/es\/wp-json\/wp\/v2\/product"}],"about":[{"href":"https:\/\/bestsellersbv.com\/es\/wp-json\/wp\/v2\/types\/product"}],"wp:attachment":[{"href":"https:\/\/bestsellersbv.com\/es\/wp-json\/wp\/v2\/media?parent=178664"}],"curies":[{"name":"wp","href":"https:\/\/api.w.org\/{rel}","templated":true}]}}