{"id":178556,"date":"2023-04-19T11:40:28","date_gmt":"2023-04-19T11:40:28","guid":{"rendered":"https:\/\/bestsellersbv.com\/360-showroom-tour\/"},"modified":"2026-02-23T12:08:11","modified_gmt":"2026-02-23T12:08:11","slug":"360-showroom-tour","status":"publish","type":"page","link":"https:\/\/bestsellersbv.com\/fr\/360-showroom-tour\/","title":{"rendered":"Visite de la salle d&rsquo;exposition \u00e0 360"},"content":{"rendered":"","protected":false},"excerpt":{"rendered":"","protected":false},"author":1,"featured_media":0,"parent":0,"menu_order":0,"comment_status":"closed","ping_status":"closed","template":"","meta":{"inline_featured_image":false,"_monsterinsights_skip_tracking":false,"_monsterinsights_sitenote_active":false,"_monsterinsights_sitenote_note":"","_monsterinsights_sitenote_category":0,"footnotes":""},"class_list":["post-178556","page","type-page","status-publish","hentry"],"yoast_head":"<!-- This site is optimized with the Yoast SEO plugin v27.3 - https:\/\/yoast.com\/product\/yoast-seo-wordpress\/ -->\n<title>Visite de la salle d&#039;exposition \u00e0 360 - Best Sellers B.V.<\/title>\n<meta name=\"description\" content=\"Vivez une aventure num\u00e9rique \u00e9tonnante gr\u00e2ce \u00e0 notre visite virtuelle en 3D ! Vous n&#039;avez pas besoin de sortir, car vous serez transport\u00e9 directement dans notre salle d&#039;exposition, o\u00f9 vous d\u00e9couvrirez un \u00e9ventail infini de d\u00e9corations uniques et de nouveaux produits dans les moindres d\u00e9tails.\" \/>\n<meta name=\"robots\" content=\"index, follow, max-snippet:-1, max-image-preview:large, max-video-preview:-1\" \/>\n<link rel=\"canonical\" href=\"https:\/\/bestsellersbv.com\/fr\/360-showroom-tour\/\" \/>\n<meta property=\"og:locale\" content=\"fr_FR\" \/>\n<meta property=\"og:type\" content=\"article\" \/>\n<meta property=\"og:title\" content=\"Visite de la salle d&#039;exposition \u00e0 360 - Best Sellers B.V.\" \/>\n<meta property=\"og:description\" content=\"Vivez une aventure num\u00e9rique \u00e9tonnante gr\u00e2ce \u00e0 notre visite virtuelle en 3D ! Vous n&#039;avez pas besoin de sortir, car vous serez transport\u00e9 directement dans notre salle d&#039;exposition, o\u00f9 vous d\u00e9couvrirez un \u00e9ventail infini de d\u00e9corations uniques et de nouveaux produits dans les moindres d\u00e9tails.\" \/>\n<meta property=\"og:url\" content=\"https:\/\/bestsellersbv.com\/fr\/360-showroom-tour\/\" \/>\n<meta property=\"og:site_name\" content=\"Best Sellers B.V.\" \/>\n<meta property=\"article:modified_time\" content=\"2026-02-23T12:08:11+00:00\" \/>\n<meta name=\"twitter:card\" content=\"summary_large_image\" \/>\n<script type=\"application\/ld+json\" class=\"yoast-schema-graph\">{\"@context\":\"https:\\\/\\\/schema.org\",\"@graph\":[{\"@type\":\"WebPage\",\"@id\":\"https:\\\/\\\/bestsellersbv.com\\\/fr\\\/360-showroom-tour\\\/\",\"url\":\"https:\\\/\\\/bestsellersbv.com\\\/fr\\\/360-showroom-tour\\\/\",\"name\":\"Visite de la salle d'exposition \u00e0 360 - Best Sellers B.V.\",\"isPartOf\":{\"@id\":\"https:\\\/\\\/bestsellersbv.com\\\/fr\\\/#website\"},\"datePublished\":\"2023-04-19T11:40:28+00:00\",\"dateModified\":\"2026-02-23T12:08:11+00:00\",\"description\":\"Vivez une aventure num\u00e9rique \u00e9tonnante gr\u00e2ce \u00e0 notre visite virtuelle en 3D ! Vous n'avez pas besoin de sortir, car vous serez transport\u00e9 directement dans notre salle d'exposition, o\u00f9 vous d\u00e9couvrirez un \u00e9ventail infini de d\u00e9corations uniques et de nouveaux produits dans les moindres d\u00e9tails.\",\"breadcrumb\":{\"@id\":\"https:\\\/\\\/bestsellersbv.com\\\/fr\\\/360-showroom-tour\\\/#breadcrumb\"},\"inLanguage\":\"fr-FR\",\"potentialAction\":[{\"@type\":\"ReadAction\",\"target\":[\"https:\\\/\\\/bestsellersbv.com\\\/fr\\\/360-showroom-tour\\\/\"]}]},{\"@type\":\"BreadcrumbList\",\"@id\":\"https:\\\/\\\/bestsellersbv.com\\\/fr\\\/360-showroom-tour\\\/#breadcrumb\",\"itemListElement\":[{\"@type\":\"ListItem\",\"position\":1,\"name\":\"\",\"item\":\"https:\\\/\\\/bestsellersbv.com\\\/fr\\\/\"},{\"@type\":\"ListItem\",\"position\":2,\"name\":\"Visite de la salle d&#8217;exposition \u00e0 360\"}]},{\"@type\":\"WebSite\",\"@id\":\"https:\\\/\\\/bestsellersbv.com\\\/fr\\\/#website\",\"url\":\"https:\\\/\\\/bestsellersbv.com\\\/fr\\\/\",\"name\":\"Best Sellers B.V.\",\"description\":\"\",\"publisher\":{\"@id\":\"https:\\\/\\\/bestsellersbv.com\\\/fr\\\/#organization\"},\"potentialAction\":[{\"@type\":\"SearchAction\",\"target\":{\"@type\":\"EntryPoint\",\"urlTemplate\":\"https:\\\/\\\/bestsellersbv.com\\\/fr\\\/?s={search_term_string}\"},\"query-input\":{\"@type\":\"PropertyValueSpecification\",\"valueRequired\":true,\"valueName\":\"search_term_string\"}}],\"inLanguage\":\"fr-FR\"},{\"@type\":\"Organization\",\"@id\":\"https:\\\/\\\/bestsellersbv.com\\\/fr\\\/#organization\",\"name\":\"Best Sellers B.V.\",\"url\":\"https:\\\/\\\/bestsellersbv.com\\\/fr\\\/\",\"logo\":{\"@type\":\"ImageObject\",\"inLanguage\":\"fr-FR\",\"@id\":\"https:\\\/\\\/bestsellersbv.com\\\/fr\\\/#\\\/schema\\\/logo\\\/image\\\/\",\"url\":\"https:\\\/\\\/bestsellersbv.com\\\/wp-content\\\/uploads\\\/2023\\\/11\\\/BestSellersLogo.png\",\"contentUrl\":\"https:\\\/\\\/bestsellersbv.com\\\/wp-content\\\/uploads\\\/2023\\\/11\\\/BestSellersLogo.png\",\"width\":251,\"height\":113,\"caption\":\"Best Sellers B.V.\"},\"image\":{\"@id\":\"https:\\\/\\\/bestsellersbv.com\\\/fr\\\/#\\\/schema\\\/logo\\\/image\\\/\"}}]}<\/script>\n<!-- \/ Yoast SEO plugin. -->","yoast_head_json":{"title":"Visite de la salle d'exposition \u00e0 360 - Best Sellers B.V.","description":"Vivez une aventure num\u00e9rique \u00e9tonnante gr\u00e2ce \u00e0 notre visite virtuelle en 3D ! Vous n'avez pas besoin de sortir, car vous serez transport\u00e9 directement dans notre salle d'exposition, o\u00f9 vous d\u00e9couvrirez un \u00e9ventail infini de d\u00e9corations uniques et de nouveaux produits dans les moindres d\u00e9tails.","robots":{"index":"index","follow":"follow","max-snippet":"max-snippet:-1","max-image-preview":"max-image-preview:large","max-video-preview":"max-video-preview:-1"},"canonical":"https:\/\/bestsellersbv.com\/fr\/360-showroom-tour\/","og_locale":"fr_FR","og_type":"article","og_title":"Visite de la salle d'exposition \u00e0 360 - Best Sellers B.V.","og_description":"Vivez une aventure num\u00e9rique \u00e9tonnante gr\u00e2ce \u00e0 notre visite virtuelle en 3D ! Vous n'avez pas besoin de sortir, car vous serez transport\u00e9 directement dans notre salle d'exposition, o\u00f9 vous d\u00e9couvrirez un \u00e9ventail infini de d\u00e9corations uniques et de nouveaux produits dans les moindres d\u00e9tails.","og_url":"https:\/\/bestsellersbv.com\/fr\/360-showroom-tour\/","og_site_name":"Best Sellers B.V.","article_modified_time":"2026-02-23T12:08:11+00:00","twitter_card":"summary_large_image","schema":{"@context":"https:\/\/schema.org","@graph":[{"@type":"WebPage","@id":"https:\/\/bestsellersbv.com\/fr\/360-showroom-tour\/","url":"https:\/\/bestsellersbv.com\/fr\/360-showroom-tour\/","name":"Visite de la salle d'exposition \u00e0 360 - Best Sellers B.V.","isPartOf":{"@id":"https:\/\/bestsellersbv.com\/fr\/#website"},"datePublished":"2023-04-19T11:40:28+00:00","dateModified":"2026-02-23T12:08:11+00:00","description":"Vivez une aventure num\u00e9rique \u00e9tonnante gr\u00e2ce \u00e0 notre visite virtuelle en 3D ! Vous n'avez pas besoin de sortir, car vous serez transport\u00e9 directement dans notre salle d'exposition, o\u00f9 vous d\u00e9couvrirez un \u00e9ventail infini de d\u00e9corations uniques et de nouveaux produits dans les moindres d\u00e9tails.","breadcrumb":{"@id":"https:\/\/bestsellersbv.com\/fr\/360-showroom-tour\/#breadcrumb"},"inLanguage":"fr-FR","potentialAction":[{"@type":"ReadAction","target":["https:\/\/bestsellersbv.com\/fr\/360-showroom-tour\/"]}]},{"@type":"BreadcrumbList","@id":"https:\/\/bestsellersbv.com\/fr\/360-showroom-tour\/#breadcrumb","itemListElement":[{"@type":"ListItem","position":1,"name":"","item":"https:\/\/bestsellersbv.com\/fr\/"},{"@type":"ListItem","position":2,"name":"Visite de la salle d&#8217;exposition \u00e0 360"}]},{"@type":"WebSite","@id":"https:\/\/bestsellersbv.com\/fr\/#website","url":"https:\/\/bestsellersbv.com\/fr\/","name":"Best Sellers B.V.","description":"","publisher":{"@id":"https:\/\/bestsellersbv.com\/fr\/#organization"},"potentialAction":[{"@type":"SearchAction","target":{"@type":"EntryPoint","urlTemplate":"https:\/\/bestsellersbv.com\/fr\/?s={search_term_string}"},"query-input":{"@type":"PropertyValueSpecification","valueRequired":true,"valueName":"search_term_string"}}],"inLanguage":"fr-FR"},{"@type":"Organization","@id":"https:\/\/bestsellersbv.com\/fr\/#organization","name":"Best Sellers B.V.","url":"https:\/\/bestsellersbv.com\/fr\/","logo":{"@type":"ImageObject","inLanguage":"fr-FR","@id":"https:\/\/bestsellersbv.com\/fr\/#\/schema\/logo\/image\/","url":"https:\/\/bestsellersbv.com\/wp-content\/uploads\/2023\/11\/BestSellersLogo.png","contentUrl":"https:\/\/bestsellersbv.com\/wp-content\/uploads\/2023\/11\/BestSellersLogo.png","width":251,"height":113,"caption":"Best Sellers B.V."},"image":{"@id":"https:\/\/bestsellersbv.com\/fr\/#\/schema\/logo\/image\/"}}]}},"acf":[],"_links":{"self":[{"href":"https:\/\/bestsellersbv.com\/fr\/wp-json\/wp\/v2\/pages\/178556","targetHints":{"allow":["GET"]}}],"collection":[{"href":"https:\/\/bestsellersbv.com\/fr\/wp-json\/wp\/v2\/pages"}],"about":[{"href":"https:\/\/bestsellersbv.com\/fr\/wp-json\/wp\/v2\/types\/page"}],"author":[{"embeddable":true,"href":"https:\/\/bestsellersbv.com\/fr\/wp-json\/wp\/v2\/users\/1"}],"replies":[{"embeddable":true,"href":"https:\/\/bestsellersbv.com\/fr\/wp-json\/wp\/v2\/comments?post=178556"}],"version-history":[{"count":78,"href":"https:\/\/bestsellersbv.com\/fr\/wp-json\/wp\/v2\/pages\/178556\/revisions"}],"predecessor-version":[{"id":182277,"href":"https:\/\/bestsellersbv.com\/fr\/wp-json\/wp\/v2\/pages\/178556\/revisions\/182277"}],"wp:attachment":[{"href":"https:\/\/bestsellersbv.com\/fr\/wp-json\/wp\/v2\/media?parent=178556"}],"curies":[{"name":"wp","href":"https:\/\/api.w.org\/{rel}","templated":true}]}}