{"id":178578,"date":"2023-04-19T11:40:40","date_gmt":"2023-04-19T11:40:40","guid":{"rendered":"https:\/\/bestsellersbv.com\/brochures-presentations\/"},"modified":"2026-02-23T11:08:03","modified_gmt":"2026-02-23T11:08:03","slug":"brochures-presentations","status":"publish","type":"page","link":"https:\/\/bestsellersbv.com\/fr\/brochures-presentations\/","title":{"rendered":"Brochures et pr\u00e9sentations"},"content":{"rendered":"","protected":false},"excerpt":{"rendered":"","protected":false},"author":1,"featured_media":0,"parent":0,"menu_order":0,"comment_status":"closed","ping_status":"closed","template":"","meta":{"inline_featured_image":false,"_monsterinsights_skip_tracking":false,"_monsterinsights_sitenote_active":false,"_monsterinsights_sitenote_note":"","_monsterinsights_sitenote_category":0,"footnotes":""},"class_list":["post-178578","page","type-page","status-publish","hentry"],"yoast_head":"<!-- This site is optimized with the Yoast SEO plugin v27.3 - https:\/\/yoast.com\/product\/yoast-seo-wordpress\/ -->\n<title>Brochures et pr\u00e9sentations - Best Sellers B.V.<\/title>\n<meta name=\"description\" content=\"En offrant des options de personnalisation (design, couleurs) et la possibilit\u00e9 de produire des articles r\u00e9pondant aux sp\u00e9cifications de nos clients, nous fournissons un service unique aux grands magasins, aux cha\u00eenes de magasins et aux magasins de bricolage.\" \/>\n<meta name=\"robots\" content=\"index, follow, max-snippet:-1, max-image-preview:large, max-video-preview:-1\" \/>\n<link rel=\"canonical\" href=\"https:\/\/bestsellersbv.com\/fr\/brochures-presentations\/\" \/>\n<meta property=\"og:locale\" content=\"fr_FR\" \/>\n<meta property=\"og:type\" content=\"article\" \/>\n<meta property=\"og:title\" content=\"Brochures et pr\u00e9sentations - Best Sellers B.V.\" \/>\n<meta property=\"og:description\" content=\"En offrant des options de personnalisation (design, couleurs) et la possibilit\u00e9 de produire des articles r\u00e9pondant aux sp\u00e9cifications de nos clients, nous fournissons un service unique aux grands magasins, aux cha\u00eenes de magasins et aux magasins de bricolage.\" \/>\n<meta property=\"og:url\" content=\"https:\/\/bestsellersbv.com\/fr\/brochures-presentations\/\" \/>\n<meta property=\"og:site_name\" content=\"Best Sellers B.V.\" \/>\n<meta property=\"article:modified_time\" content=\"2026-02-23T11:08:03+00:00\" \/>\n<meta name=\"twitter:card\" content=\"summary_large_image\" \/>\n<script type=\"application\/ld+json\" class=\"yoast-schema-graph\">{\"@context\":\"https:\\\/\\\/schema.org\",\"@graph\":[{\"@type\":\"WebPage\",\"@id\":\"https:\\\/\\\/bestsellersbv.com\\\/fr\\\/brochures-presentations\\\/\",\"url\":\"https:\\\/\\\/bestsellersbv.com\\\/fr\\\/brochures-presentations\\\/\",\"name\":\"Brochures et pr\u00e9sentations - Best Sellers B.V.\",\"isPartOf\":{\"@id\":\"https:\\\/\\\/bestsellersbv.com\\\/fr\\\/#website\"},\"datePublished\":\"2023-04-19T11:40:40+00:00\",\"dateModified\":\"2026-02-23T11:08:03+00:00\",\"description\":\"En offrant des options de personnalisation (design, couleurs) et la possibilit\u00e9 de produire des articles r\u00e9pondant aux sp\u00e9cifications de nos clients, nous fournissons un service unique aux grands magasins, aux cha\u00eenes de magasins et aux magasins de bricolage.\",\"breadcrumb\":{\"@id\":\"https:\\\/\\\/bestsellersbv.com\\\/fr\\\/brochures-presentations\\\/#breadcrumb\"},\"inLanguage\":\"fr-FR\",\"potentialAction\":[{\"@type\":\"ReadAction\",\"target\":[\"https:\\\/\\\/bestsellersbv.com\\\/fr\\\/brochures-presentations\\\/\"]}]},{\"@type\":\"BreadcrumbList\",\"@id\":\"https:\\\/\\\/bestsellersbv.com\\\/fr\\\/brochures-presentations\\\/#breadcrumb\",\"itemListElement\":[{\"@type\":\"ListItem\",\"position\":1,\"name\":\"\",\"item\":\"https:\\\/\\\/bestsellersbv.com\\\/fr\\\/\"},{\"@type\":\"ListItem\",\"position\":2,\"name\":\"Brochures et pr\u00e9sentations\"}]},{\"@type\":\"WebSite\",\"@id\":\"https:\\\/\\\/bestsellersbv.com\\\/fr\\\/#website\",\"url\":\"https:\\\/\\\/bestsellersbv.com\\\/fr\\\/\",\"name\":\"Best Sellers B.V.\",\"description\":\"\",\"publisher\":{\"@id\":\"https:\\\/\\\/bestsellersbv.com\\\/fr\\\/#organization\"},\"potentialAction\":[{\"@type\":\"SearchAction\",\"target\":{\"@type\":\"EntryPoint\",\"urlTemplate\":\"https:\\\/\\\/bestsellersbv.com\\\/fr\\\/?s={search_term_string}\"},\"query-input\":{\"@type\":\"PropertyValueSpecification\",\"valueRequired\":true,\"valueName\":\"search_term_string\"}}],\"inLanguage\":\"fr-FR\"},{\"@type\":\"Organization\",\"@id\":\"https:\\\/\\\/bestsellersbv.com\\\/fr\\\/#organization\",\"name\":\"Best Sellers B.V.\",\"url\":\"https:\\\/\\\/bestsellersbv.com\\\/fr\\\/\",\"logo\":{\"@type\":\"ImageObject\",\"inLanguage\":\"fr-FR\",\"@id\":\"https:\\\/\\\/bestsellersbv.com\\\/fr\\\/#\\\/schema\\\/logo\\\/image\\\/\",\"url\":\"https:\\\/\\\/bestsellersbv.com\\\/wp-content\\\/uploads\\\/2023\\\/11\\\/BestSellersLogo.png\",\"contentUrl\":\"https:\\\/\\\/bestsellersbv.com\\\/wp-content\\\/uploads\\\/2023\\\/11\\\/BestSellersLogo.png\",\"width\":251,\"height\":113,\"caption\":\"Best Sellers B.V.\"},\"image\":{\"@id\":\"https:\\\/\\\/bestsellersbv.com\\\/fr\\\/#\\\/schema\\\/logo\\\/image\\\/\"}}]}<\/script>\n<!-- \/ Yoast SEO plugin. -->","yoast_head_json":{"title":"Brochures et pr\u00e9sentations - Best Sellers B.V.","description":"En offrant des options de personnalisation (design, couleurs) et la possibilit\u00e9 de produire des articles r\u00e9pondant aux sp\u00e9cifications de nos clients, nous fournissons un service unique aux grands magasins, aux cha\u00eenes de magasins et aux magasins de bricolage.","robots":{"index":"index","follow":"follow","max-snippet":"max-snippet:-1","max-image-preview":"max-image-preview:large","max-video-preview":"max-video-preview:-1"},"canonical":"https:\/\/bestsellersbv.com\/fr\/brochures-presentations\/","og_locale":"fr_FR","og_type":"article","og_title":"Brochures et pr\u00e9sentations - Best Sellers B.V.","og_description":"En offrant des options de personnalisation (design, couleurs) et la possibilit\u00e9 de produire des articles r\u00e9pondant aux sp\u00e9cifications de nos clients, nous fournissons un service unique aux grands magasins, aux cha\u00eenes de magasins et aux magasins de bricolage.","og_url":"https:\/\/bestsellersbv.com\/fr\/brochures-presentations\/","og_site_name":"Best Sellers B.V.","article_modified_time":"2026-02-23T11:08:03+00:00","twitter_card":"summary_large_image","schema":{"@context":"https:\/\/schema.org","@graph":[{"@type":"WebPage","@id":"https:\/\/bestsellersbv.com\/fr\/brochures-presentations\/","url":"https:\/\/bestsellersbv.com\/fr\/brochures-presentations\/","name":"Brochures et pr\u00e9sentations - Best Sellers B.V.","isPartOf":{"@id":"https:\/\/bestsellersbv.com\/fr\/#website"},"datePublished":"2023-04-19T11:40:40+00:00","dateModified":"2026-02-23T11:08:03+00:00","description":"En offrant des options de personnalisation (design, couleurs) et la possibilit\u00e9 de produire des articles r\u00e9pondant aux sp\u00e9cifications de nos clients, nous fournissons un service unique aux grands magasins, aux cha\u00eenes de magasins et aux magasins de bricolage.","breadcrumb":{"@id":"https:\/\/bestsellersbv.com\/fr\/brochures-presentations\/#breadcrumb"},"inLanguage":"fr-FR","potentialAction":[{"@type":"ReadAction","target":["https:\/\/bestsellersbv.com\/fr\/brochures-presentations\/"]}]},{"@type":"BreadcrumbList","@id":"https:\/\/bestsellersbv.com\/fr\/brochures-presentations\/#breadcrumb","itemListElement":[{"@type":"ListItem","position":1,"name":"","item":"https:\/\/bestsellersbv.com\/fr\/"},{"@type":"ListItem","position":2,"name":"Brochures et pr\u00e9sentations"}]},{"@type":"WebSite","@id":"https:\/\/bestsellersbv.com\/fr\/#website","url":"https:\/\/bestsellersbv.com\/fr\/","name":"Best Sellers B.V.","description":"","publisher":{"@id":"https:\/\/bestsellersbv.com\/fr\/#organization"},"potentialAction":[{"@type":"SearchAction","target":{"@type":"EntryPoint","urlTemplate":"https:\/\/bestsellersbv.com\/fr\/?s={search_term_string}"},"query-input":{"@type":"PropertyValueSpecification","valueRequired":true,"valueName":"search_term_string"}}],"inLanguage":"fr-FR"},{"@type":"Organization","@id":"https:\/\/bestsellersbv.com\/fr\/#organization","name":"Best Sellers B.V.","url":"https:\/\/bestsellersbv.com\/fr\/","logo":{"@type":"ImageObject","inLanguage":"fr-FR","@id":"https:\/\/bestsellersbv.com\/fr\/#\/schema\/logo\/image\/","url":"https:\/\/bestsellersbv.com\/wp-content\/uploads\/2023\/11\/BestSellersLogo.png","contentUrl":"https:\/\/bestsellersbv.com\/wp-content\/uploads\/2023\/11\/BestSellersLogo.png","width":251,"height":113,"caption":"Best Sellers B.V."},"image":{"@id":"https:\/\/bestsellersbv.com\/fr\/#\/schema\/logo\/image\/"}}]}},"acf":[],"_links":{"self":[{"href":"https:\/\/bestsellersbv.com\/fr\/wp-json\/wp\/v2\/pages\/178578","targetHints":{"allow":["GET"]}}],"collection":[{"href":"https:\/\/bestsellersbv.com\/fr\/wp-json\/wp\/v2\/pages"}],"about":[{"href":"https:\/\/bestsellersbv.com\/fr\/wp-json\/wp\/v2\/types\/page"}],"author":[{"embeddable":true,"href":"https:\/\/bestsellersbv.com\/fr\/wp-json\/wp\/v2\/users\/1"}],"replies":[{"embeddable":true,"href":"https:\/\/bestsellersbv.com\/fr\/wp-json\/wp\/v2\/comments?post=178578"}],"version-history":[{"count":82,"href":"https:\/\/bestsellersbv.com\/fr\/wp-json\/wp\/v2\/pages\/178578\/revisions"}],"predecessor-version":[{"id":182269,"href":"https:\/\/bestsellersbv.com\/fr\/wp-json\/wp\/v2\/pages\/178578\/revisions\/182269"}],"wp:attachment":[{"href":"https:\/\/bestsellersbv.com\/fr\/wp-json\/wp\/v2\/media?parent=178578"}],"curies":[{"name":"wp","href":"https:\/\/api.w.org\/{rel}","templated":true}]}}