{"id":178653,"date":"2023-04-19T12:05:29","date_gmt":"2023-04-19T12:05:29","guid":{"rendered":"https:\/\/bestsellersbv.com\/product\/decoration\/"},"modified":"2026-02-02T12:13:26","modified_gmt":"2026-02-02T12:13:26","slug":"decoration","status":"publish","type":"product","link":"https:\/\/bestsellersbv.com\/fr\/product\/decoration\/","title":{"rendered":"D\u00e9coration"},"featured_media":0,"template":"","class_list":["post-178653","product","type-product","status-publish","hentry"],"yoast_head":"<!-- This site is optimized with the Yoast SEO plugin v27.3 - https:\/\/yoast.com\/product\/yoast-seo-wordpress\/ -->\n<title>D\u00e9coration - Best Sellers B.V.<\/title>\n<meta name=\"description\" content=\"Am\u00e9liorez vos offres commerciales gr\u00e2ce \u00e0 notre collection exquise de d\u00e9corations et d&#039;accessoires d&#039;int\u00e9rieur. De l&#039;art abstrait contemporain au design vintage intemporel, nous vous proposons une s\u00e9lection m\u00e9ticuleusement \u00e9tudi\u00e9e, parfaite pour votre client\u00e8le, qui r\u00e9pond \u00e0 des go\u00fbts et des styles d&#039;int\u00e9rieur vari\u00e9s.\" \/>\n<meta name=\"robots\" content=\"index, follow, max-snippet:-1, max-image-preview:large, max-video-preview:-1\" \/>\n<link rel=\"canonical\" href=\"https:\/\/bestsellersbv.com\/fr\/product\/decoration\/\" \/>\n<meta property=\"og:locale\" content=\"fr_FR\" \/>\n<meta property=\"og:type\" content=\"article\" \/>\n<meta property=\"og:title\" content=\"D\u00e9coration - Best Sellers B.V.\" \/>\n<meta property=\"og:description\" content=\"Am\u00e9liorez vos offres commerciales gr\u00e2ce \u00e0 notre collection exquise de d\u00e9corations et d&#039;accessoires d&#039;int\u00e9rieur. De l&#039;art abstrait contemporain au design vintage intemporel, nous vous proposons une s\u00e9lection m\u00e9ticuleusement \u00e9tudi\u00e9e, parfaite pour votre client\u00e8le, qui r\u00e9pond \u00e0 des go\u00fbts et des styles d&#039;int\u00e9rieur vari\u00e9s.\" \/>\n<meta property=\"og:url\" content=\"https:\/\/bestsellersbv.com\/fr\/product\/decoration\/\" \/>\n<meta property=\"og:site_name\" content=\"Best Sellers B.V.\" \/>\n<meta property=\"article:modified_time\" content=\"2026-02-02T12:13:26+00:00\" \/>\n<meta name=\"twitter:card\" content=\"summary_large_image\" \/>\n<script type=\"application\/ld+json\" class=\"yoast-schema-graph\">{\"@context\":\"https:\\\/\\\/schema.org\",\"@graph\":[{\"@type\":\"WebPage\",\"@id\":\"https:\\\/\\\/bestsellersbv.com\\\/fr\\\/product\\\/decoration\\\/\",\"url\":\"https:\\\/\\\/bestsellersbv.com\\\/fr\\\/product\\\/decoration\\\/\",\"name\":\"D\u00e9coration - Best Sellers B.V.\",\"isPartOf\":{\"@id\":\"https:\\\/\\\/bestsellersbv.com\\\/fr\\\/#website\"},\"datePublished\":\"2023-04-19T12:05:29+00:00\",\"dateModified\":\"2026-02-02T12:13:26+00:00\",\"description\":\"Am\u00e9liorez vos offres commerciales gr\u00e2ce \u00e0 notre collection exquise de d\u00e9corations et d'accessoires d'int\u00e9rieur. De l'art abstrait contemporain au design vintage intemporel, nous vous proposons une s\u00e9lection m\u00e9ticuleusement \u00e9tudi\u00e9e, parfaite pour votre client\u00e8le, qui r\u00e9pond \u00e0 des go\u00fbts et des styles d'int\u00e9rieur vari\u00e9s.\",\"breadcrumb\":{\"@id\":\"https:\\\/\\\/bestsellersbv.com\\\/fr\\\/product\\\/decoration\\\/#breadcrumb\"},\"inLanguage\":\"fr-FR\",\"potentialAction\":[{\"@type\":\"ReadAction\",\"target\":[\"https:\\\/\\\/bestsellersbv.com\\\/fr\\\/product\\\/decoration\\\/\"]}]},{\"@type\":\"BreadcrumbList\",\"@id\":\"https:\\\/\\\/bestsellersbv.com\\\/fr\\\/product\\\/decoration\\\/#breadcrumb\",\"itemListElement\":[{\"@type\":\"ListItem\",\"position\":1,\"name\":\"\",\"item\":\"https:\\\/\\\/bestsellersbv.com\\\/fr\\\/\"},{\"@type\":\"ListItem\",\"position\":2,\"name\":\"D\u00e9coration\"}]},{\"@type\":\"WebSite\",\"@id\":\"https:\\\/\\\/bestsellersbv.com\\\/fr\\\/#website\",\"url\":\"https:\\\/\\\/bestsellersbv.com\\\/fr\\\/\",\"name\":\"Best Sellers B.V.\",\"description\":\"\",\"publisher\":{\"@id\":\"https:\\\/\\\/bestsellersbv.com\\\/fr\\\/#organization\"},\"potentialAction\":[{\"@type\":\"SearchAction\",\"target\":{\"@type\":\"EntryPoint\",\"urlTemplate\":\"https:\\\/\\\/bestsellersbv.com\\\/fr\\\/?s={search_term_string}\"},\"query-input\":{\"@type\":\"PropertyValueSpecification\",\"valueRequired\":true,\"valueName\":\"search_term_string\"}}],\"inLanguage\":\"fr-FR\"},{\"@type\":\"Organization\",\"@id\":\"https:\\\/\\\/bestsellersbv.com\\\/fr\\\/#organization\",\"name\":\"Best Sellers B.V.\",\"url\":\"https:\\\/\\\/bestsellersbv.com\\\/fr\\\/\",\"logo\":{\"@type\":\"ImageObject\",\"inLanguage\":\"fr-FR\",\"@id\":\"https:\\\/\\\/bestsellersbv.com\\\/fr\\\/#\\\/schema\\\/logo\\\/image\\\/\",\"url\":\"https:\\\/\\\/bestsellersbv.com\\\/wp-content\\\/uploads\\\/2023\\\/11\\\/BestSellersLogo.png\",\"contentUrl\":\"https:\\\/\\\/bestsellersbv.com\\\/wp-content\\\/uploads\\\/2023\\\/11\\\/BestSellersLogo.png\",\"width\":251,\"height\":113,\"caption\":\"Best Sellers B.V.\"},\"image\":{\"@id\":\"https:\\\/\\\/bestsellersbv.com\\\/fr\\\/#\\\/schema\\\/logo\\\/image\\\/\"}}]}<\/script>\n<!-- \/ Yoast SEO plugin. -->","yoast_head_json":{"title":"D\u00e9coration - Best Sellers B.V.","description":"Am\u00e9liorez vos offres commerciales gr\u00e2ce \u00e0 notre collection exquise de d\u00e9corations et d'accessoires d'int\u00e9rieur. De l'art abstrait contemporain au design vintage intemporel, nous vous proposons une s\u00e9lection m\u00e9ticuleusement \u00e9tudi\u00e9e, parfaite pour votre client\u00e8le, qui r\u00e9pond \u00e0 des go\u00fbts et des styles d'int\u00e9rieur vari\u00e9s.","robots":{"index":"index","follow":"follow","max-snippet":"max-snippet:-1","max-image-preview":"max-image-preview:large","max-video-preview":"max-video-preview:-1"},"canonical":"https:\/\/bestsellersbv.com\/fr\/product\/decoration\/","og_locale":"fr_FR","og_type":"article","og_title":"D\u00e9coration - Best Sellers B.V.","og_description":"Am\u00e9liorez vos offres commerciales gr\u00e2ce \u00e0 notre collection exquise de d\u00e9corations et d'accessoires d'int\u00e9rieur. De l'art abstrait contemporain au design vintage intemporel, nous vous proposons une s\u00e9lection m\u00e9ticuleusement \u00e9tudi\u00e9e, parfaite pour votre client\u00e8le, qui r\u00e9pond \u00e0 des go\u00fbts et des styles d'int\u00e9rieur vari\u00e9s.","og_url":"https:\/\/bestsellersbv.com\/fr\/product\/decoration\/","og_site_name":"Best Sellers B.V.","article_modified_time":"2026-02-02T12:13:26+00:00","twitter_card":"summary_large_image","schema":{"@context":"https:\/\/schema.org","@graph":[{"@type":"WebPage","@id":"https:\/\/bestsellersbv.com\/fr\/product\/decoration\/","url":"https:\/\/bestsellersbv.com\/fr\/product\/decoration\/","name":"D\u00e9coration - Best Sellers B.V.","isPartOf":{"@id":"https:\/\/bestsellersbv.com\/fr\/#website"},"datePublished":"2023-04-19T12:05:29+00:00","dateModified":"2026-02-02T12:13:26+00:00","description":"Am\u00e9liorez vos offres commerciales gr\u00e2ce \u00e0 notre collection exquise de d\u00e9corations et d'accessoires d'int\u00e9rieur. De l'art abstrait contemporain au design vintage intemporel, nous vous proposons une s\u00e9lection m\u00e9ticuleusement \u00e9tudi\u00e9e, parfaite pour votre client\u00e8le, qui r\u00e9pond \u00e0 des go\u00fbts et des styles d'int\u00e9rieur vari\u00e9s.","breadcrumb":{"@id":"https:\/\/bestsellersbv.com\/fr\/product\/decoration\/#breadcrumb"},"inLanguage":"fr-FR","potentialAction":[{"@type":"ReadAction","target":["https:\/\/bestsellersbv.com\/fr\/product\/decoration\/"]}]},{"@type":"BreadcrumbList","@id":"https:\/\/bestsellersbv.com\/fr\/product\/decoration\/#breadcrumb","itemListElement":[{"@type":"ListItem","position":1,"name":"","item":"https:\/\/bestsellersbv.com\/fr\/"},{"@type":"ListItem","position":2,"name":"D\u00e9coration"}]},{"@type":"WebSite","@id":"https:\/\/bestsellersbv.com\/fr\/#website","url":"https:\/\/bestsellersbv.com\/fr\/","name":"Best Sellers B.V.","description":"","publisher":{"@id":"https:\/\/bestsellersbv.com\/fr\/#organization"},"potentialAction":[{"@type":"SearchAction","target":{"@type":"EntryPoint","urlTemplate":"https:\/\/bestsellersbv.com\/fr\/?s={search_term_string}"},"query-input":{"@type":"PropertyValueSpecification","valueRequired":true,"valueName":"search_term_string"}}],"inLanguage":"fr-FR"},{"@type":"Organization","@id":"https:\/\/bestsellersbv.com\/fr\/#organization","name":"Best Sellers B.V.","url":"https:\/\/bestsellersbv.com\/fr\/","logo":{"@type":"ImageObject","inLanguage":"fr-FR","@id":"https:\/\/bestsellersbv.com\/fr\/#\/schema\/logo\/image\/","url":"https:\/\/bestsellersbv.com\/wp-content\/uploads\/2023\/11\/BestSellersLogo.png","contentUrl":"https:\/\/bestsellersbv.com\/wp-content\/uploads\/2023\/11\/BestSellersLogo.png","width":251,"height":113,"caption":"Best Sellers B.V."},"image":{"@id":"https:\/\/bestsellersbv.com\/fr\/#\/schema\/logo\/image\/"}}]}},"acf":[],"_links":{"self":[{"href":"https:\/\/bestsellersbv.com\/fr\/wp-json\/wp\/v2\/product\/178653","targetHints":{"allow":["GET"]}}],"collection":[{"href":"https:\/\/bestsellersbv.com\/fr\/wp-json\/wp\/v2\/product"}],"about":[{"href":"https:\/\/bestsellersbv.com\/fr\/wp-json\/wp\/v2\/types\/product"}],"wp:attachment":[{"href":"https:\/\/bestsellersbv.com\/fr\/wp-json\/wp\/v2\/media?parent=178653"}],"curies":[{"name":"wp","href":"https:\/\/api.w.org\/{rel}","templated":true}]}}