{"id":178699,"date":"2023-04-19T12:07:08","date_gmt":"2023-04-19T12:07:08","guid":{"rendered":"https:\/\/bestsellersbv.com\/product\/candles-candle-holders\/"},"modified":"2026-02-02T12:16:51","modified_gmt":"2026-02-02T12:16:51","slug":"candles-candle-holders","status":"publish","type":"product","link":"https:\/\/bestsellersbv.com\/fr\/product\/candles-candle-holders\/","title":{"rendered":"Bougies et bougeoirs"},"featured_media":0,"template":"","class_list":["post-178699","product","type-product","status-publish","hentry"],"yoast_head":"<!-- This site is optimized with the Yoast SEO plugin v27.3 - https:\/\/yoast.com\/product\/yoast-seo-wordpress\/ -->\n<title>Bougies et bougeoirs - Best Sellers B.V.<\/title>\n<meta name=\"description\" content=\"Laissez vos clients appr\u00e9cier le doux jeu de la lumi\u00e8re des bougies, qu&#039;il s&#039;agisse de la danse envo\u00fbtante de la flamme ou des senteurs apaisantes qui parfument l&#039;environnement.\" \/>\n<meta name=\"robots\" content=\"index, follow, max-snippet:-1, max-image-preview:large, max-video-preview:-1\" \/>\n<link rel=\"canonical\" href=\"https:\/\/bestsellersbv.com\/fr\/product\/candles-candle-holders\/\" \/>\n<meta property=\"og:locale\" content=\"fr_FR\" \/>\n<meta property=\"og:type\" content=\"article\" \/>\n<meta property=\"og:title\" content=\"Bougies et bougeoirs - Best Sellers B.V.\" \/>\n<meta property=\"og:description\" content=\"Laissez vos clients appr\u00e9cier le doux jeu de la lumi\u00e8re des bougies, qu&#039;il s&#039;agisse de la danse envo\u00fbtante de la flamme ou des senteurs apaisantes qui parfument l&#039;environnement.\" \/>\n<meta property=\"og:url\" content=\"https:\/\/bestsellersbv.com\/fr\/product\/candles-candle-holders\/\" \/>\n<meta property=\"og:site_name\" content=\"Best Sellers B.V.\" \/>\n<meta property=\"article:modified_time\" content=\"2026-02-02T12:16:51+00:00\" \/>\n<meta name=\"twitter:card\" content=\"summary_large_image\" \/>\n<script type=\"application\/ld+json\" class=\"yoast-schema-graph\">{\"@context\":\"https:\\\/\\\/schema.org\",\"@graph\":[{\"@type\":\"WebPage\",\"@id\":\"https:\\\/\\\/bestsellersbv.com\\\/fr\\\/product\\\/candles-candle-holders\\\/\",\"url\":\"https:\\\/\\\/bestsellersbv.com\\\/fr\\\/product\\\/candles-candle-holders\\\/\",\"name\":\"Bougies et bougeoirs - Best Sellers B.V.\",\"isPartOf\":{\"@id\":\"https:\\\/\\\/bestsellersbv.com\\\/fr\\\/#website\"},\"datePublished\":\"2023-04-19T12:07:08+00:00\",\"dateModified\":\"2026-02-02T12:16:51+00:00\",\"description\":\"Laissez vos clients appr\u00e9cier le doux jeu de la lumi\u00e8re des bougies, qu'il s'agisse de la danse envo\u00fbtante de la flamme ou des senteurs apaisantes qui parfument l'environnement.\",\"breadcrumb\":{\"@id\":\"https:\\\/\\\/bestsellersbv.com\\\/fr\\\/product\\\/candles-candle-holders\\\/#breadcrumb\"},\"inLanguage\":\"fr-FR\",\"potentialAction\":[{\"@type\":\"ReadAction\",\"target\":[\"https:\\\/\\\/bestsellersbv.com\\\/fr\\\/product\\\/candles-candle-holders\\\/\"]}]},{\"@type\":\"BreadcrumbList\",\"@id\":\"https:\\\/\\\/bestsellersbv.com\\\/fr\\\/product\\\/candles-candle-holders\\\/#breadcrumb\",\"itemListElement\":[{\"@type\":\"ListItem\",\"position\":1,\"name\":\"\",\"item\":\"https:\\\/\\\/bestsellersbv.com\\\/fr\\\/\"},{\"@type\":\"ListItem\",\"position\":2,\"name\":\"Bougies et bougeoirs\"}]},{\"@type\":\"WebSite\",\"@id\":\"https:\\\/\\\/bestsellersbv.com\\\/fr\\\/#website\",\"url\":\"https:\\\/\\\/bestsellersbv.com\\\/fr\\\/\",\"name\":\"Best Sellers B.V.\",\"description\":\"\",\"publisher\":{\"@id\":\"https:\\\/\\\/bestsellersbv.com\\\/fr\\\/#organization\"},\"potentialAction\":[{\"@type\":\"SearchAction\",\"target\":{\"@type\":\"EntryPoint\",\"urlTemplate\":\"https:\\\/\\\/bestsellersbv.com\\\/fr\\\/?s={search_term_string}\"},\"query-input\":{\"@type\":\"PropertyValueSpecification\",\"valueRequired\":true,\"valueName\":\"search_term_string\"}}],\"inLanguage\":\"fr-FR\"},{\"@type\":\"Organization\",\"@id\":\"https:\\\/\\\/bestsellersbv.com\\\/fr\\\/#organization\",\"name\":\"Best Sellers B.V.\",\"url\":\"https:\\\/\\\/bestsellersbv.com\\\/fr\\\/\",\"logo\":{\"@type\":\"ImageObject\",\"inLanguage\":\"fr-FR\",\"@id\":\"https:\\\/\\\/bestsellersbv.com\\\/fr\\\/#\\\/schema\\\/logo\\\/image\\\/\",\"url\":\"https:\\\/\\\/bestsellersbv.com\\\/wp-content\\\/uploads\\\/2023\\\/11\\\/BestSellersLogo.png\",\"contentUrl\":\"https:\\\/\\\/bestsellersbv.com\\\/wp-content\\\/uploads\\\/2023\\\/11\\\/BestSellersLogo.png\",\"width\":251,\"height\":113,\"caption\":\"Best Sellers B.V.\"},\"image\":{\"@id\":\"https:\\\/\\\/bestsellersbv.com\\\/fr\\\/#\\\/schema\\\/logo\\\/image\\\/\"}}]}<\/script>\n<!-- \/ Yoast SEO plugin. -->","yoast_head_json":{"title":"Bougies et bougeoirs - Best Sellers B.V.","description":"Laissez vos clients appr\u00e9cier le doux jeu de la lumi\u00e8re des bougies, qu'il s'agisse de la danse envo\u00fbtante de la flamme ou des senteurs apaisantes qui parfument l'environnement.","robots":{"index":"index","follow":"follow","max-snippet":"max-snippet:-1","max-image-preview":"max-image-preview:large","max-video-preview":"max-video-preview:-1"},"canonical":"https:\/\/bestsellersbv.com\/fr\/product\/candles-candle-holders\/","og_locale":"fr_FR","og_type":"article","og_title":"Bougies et bougeoirs - Best Sellers B.V.","og_description":"Laissez vos clients appr\u00e9cier le doux jeu de la lumi\u00e8re des bougies, qu'il s'agisse de la danse envo\u00fbtante de la flamme ou des senteurs apaisantes qui parfument l'environnement.","og_url":"https:\/\/bestsellersbv.com\/fr\/product\/candles-candle-holders\/","og_site_name":"Best Sellers B.V.","article_modified_time":"2026-02-02T12:16:51+00:00","twitter_card":"summary_large_image","schema":{"@context":"https:\/\/schema.org","@graph":[{"@type":"WebPage","@id":"https:\/\/bestsellersbv.com\/fr\/product\/candles-candle-holders\/","url":"https:\/\/bestsellersbv.com\/fr\/product\/candles-candle-holders\/","name":"Bougies et bougeoirs - Best Sellers B.V.","isPartOf":{"@id":"https:\/\/bestsellersbv.com\/fr\/#website"},"datePublished":"2023-04-19T12:07:08+00:00","dateModified":"2026-02-02T12:16:51+00:00","description":"Laissez vos clients appr\u00e9cier le doux jeu de la lumi\u00e8re des bougies, qu'il s'agisse de la danse envo\u00fbtante de la flamme ou des senteurs apaisantes qui parfument l'environnement.","breadcrumb":{"@id":"https:\/\/bestsellersbv.com\/fr\/product\/candles-candle-holders\/#breadcrumb"},"inLanguage":"fr-FR","potentialAction":[{"@type":"ReadAction","target":["https:\/\/bestsellersbv.com\/fr\/product\/candles-candle-holders\/"]}]},{"@type":"BreadcrumbList","@id":"https:\/\/bestsellersbv.com\/fr\/product\/candles-candle-holders\/#breadcrumb","itemListElement":[{"@type":"ListItem","position":1,"name":"","item":"https:\/\/bestsellersbv.com\/fr\/"},{"@type":"ListItem","position":2,"name":"Bougies et bougeoirs"}]},{"@type":"WebSite","@id":"https:\/\/bestsellersbv.com\/fr\/#website","url":"https:\/\/bestsellersbv.com\/fr\/","name":"Best Sellers B.V.","description":"","publisher":{"@id":"https:\/\/bestsellersbv.com\/fr\/#organization"},"potentialAction":[{"@type":"SearchAction","target":{"@type":"EntryPoint","urlTemplate":"https:\/\/bestsellersbv.com\/fr\/?s={search_term_string}"},"query-input":{"@type":"PropertyValueSpecification","valueRequired":true,"valueName":"search_term_string"}}],"inLanguage":"fr-FR"},{"@type":"Organization","@id":"https:\/\/bestsellersbv.com\/fr\/#organization","name":"Best Sellers B.V.","url":"https:\/\/bestsellersbv.com\/fr\/","logo":{"@type":"ImageObject","inLanguage":"fr-FR","@id":"https:\/\/bestsellersbv.com\/fr\/#\/schema\/logo\/image\/","url":"https:\/\/bestsellersbv.com\/wp-content\/uploads\/2023\/11\/BestSellersLogo.png","contentUrl":"https:\/\/bestsellersbv.com\/wp-content\/uploads\/2023\/11\/BestSellersLogo.png","width":251,"height":113,"caption":"Best Sellers B.V."},"image":{"@id":"https:\/\/bestsellersbv.com\/fr\/#\/schema\/logo\/image\/"}}]}},"acf":[],"_links":{"self":[{"href":"https:\/\/bestsellersbv.com\/fr\/wp-json\/wp\/v2\/product\/178699","targetHints":{"allow":["GET"]}}],"collection":[{"href":"https:\/\/bestsellersbv.com\/fr\/wp-json\/wp\/v2\/product"}],"about":[{"href":"https:\/\/bestsellersbv.com\/fr\/wp-json\/wp\/v2\/types\/product"}],"wp:attachment":[{"href":"https:\/\/bestsellersbv.com\/fr\/wp-json\/wp\/v2\/media?parent=178699"}],"curies":[{"name":"wp","href":"https:\/\/api.w.org\/{rel}","templated":true}]}}