{"id":178708,"date":"2023-04-19T12:06:49","date_gmt":"2023-04-19T12:06:49","guid":{"rendered":"https:\/\/bestsellersbv.com\/product\/household\/"},"modified":"2026-02-02T12:18:10","modified_gmt":"2026-02-02T12:18:10","slug":"household","status":"publish","type":"product","link":"https:\/\/bestsellersbv.com\/fr\/product\/household\/","title":{"rendered":"M\u00e9nage"},"featured_media":0,"template":"","class_list":["post-178708","product","type-product","status-publish","hentry"],"yoast_head":"<!-- This site is optimized with the Yoast SEO plugin v27.3 - https:\/\/yoast.com\/product\/yoast-seo-wordpress\/ -->\n<title>M\u00e9nage - Best Sellers B.V.<\/title>\n<meta name=\"description\" content=\"Aidez votre client\u00e8le \u00e0 se d\u00e9lecter de l&#039;art de recevoir et de manger gr\u00e2ce \u00e0 nos accessoires de cuisine et de salle \u00e0 manger chics. Notre gamme comprend des planches \u00e0 d\u00e9couper durables, des bols \u00e9l\u00e9gants et des plateaux et sets de table polyvalents, qui permettent aux consommateurs de pr\u00e9senter et de d\u00e9guster leurs repas avec raffinement.\" \/>\n<meta name=\"robots\" content=\"index, follow, max-snippet:-1, max-image-preview:large, max-video-preview:-1\" \/>\n<link rel=\"canonical\" href=\"https:\/\/bestsellersbv.com\/fr\/product\/household\/\" \/>\n<meta property=\"og:locale\" content=\"fr_FR\" \/>\n<meta property=\"og:type\" content=\"article\" \/>\n<meta property=\"og:title\" content=\"M\u00e9nage - Best Sellers B.V.\" \/>\n<meta property=\"og:description\" content=\"Aidez votre client\u00e8le \u00e0 se d\u00e9lecter de l&#039;art de recevoir et de manger gr\u00e2ce \u00e0 nos accessoires de cuisine et de salle \u00e0 manger chics. Notre gamme comprend des planches \u00e0 d\u00e9couper durables, des bols \u00e9l\u00e9gants et des plateaux et sets de table polyvalents, qui permettent aux consommateurs de pr\u00e9senter et de d\u00e9guster leurs repas avec raffinement.\" \/>\n<meta property=\"og:url\" content=\"https:\/\/bestsellersbv.com\/fr\/product\/household\/\" \/>\n<meta property=\"og:site_name\" content=\"Best Sellers B.V.\" \/>\n<meta property=\"article:modified_time\" content=\"2026-02-02T12:18:10+00:00\" \/>\n<meta name=\"twitter:card\" content=\"summary_large_image\" \/>\n<script type=\"application\/ld+json\" class=\"yoast-schema-graph\">{\"@context\":\"https:\\\/\\\/schema.org\",\"@graph\":[{\"@type\":\"WebPage\",\"@id\":\"https:\\\/\\\/bestsellersbv.com\\\/fr\\\/product\\\/household\\\/\",\"url\":\"https:\\\/\\\/bestsellersbv.com\\\/fr\\\/product\\\/household\\\/\",\"name\":\"M\u00e9nage - Best Sellers B.V.\",\"isPartOf\":{\"@id\":\"https:\\\/\\\/bestsellersbv.com\\\/fr\\\/#website\"},\"datePublished\":\"2023-04-19T12:06:49+00:00\",\"dateModified\":\"2026-02-02T12:18:10+00:00\",\"description\":\"Aidez votre client\u00e8le \u00e0 se d\u00e9lecter de l'art de recevoir et de manger gr\u00e2ce \u00e0 nos accessoires de cuisine et de salle \u00e0 manger chics. Notre gamme comprend des planches \u00e0 d\u00e9couper durables, des bols \u00e9l\u00e9gants et des plateaux et sets de table polyvalents, qui permettent aux consommateurs de pr\u00e9senter et de d\u00e9guster leurs repas avec raffinement.\",\"breadcrumb\":{\"@id\":\"https:\\\/\\\/bestsellersbv.com\\\/fr\\\/product\\\/household\\\/#breadcrumb\"},\"inLanguage\":\"fr-FR\",\"potentialAction\":[{\"@type\":\"ReadAction\",\"target\":[\"https:\\\/\\\/bestsellersbv.com\\\/fr\\\/product\\\/household\\\/\"]}]},{\"@type\":\"BreadcrumbList\",\"@id\":\"https:\\\/\\\/bestsellersbv.com\\\/fr\\\/product\\\/household\\\/#breadcrumb\",\"itemListElement\":[{\"@type\":\"ListItem\",\"position\":1,\"name\":\"\",\"item\":\"https:\\\/\\\/bestsellersbv.com\\\/fr\\\/\"},{\"@type\":\"ListItem\",\"position\":2,\"name\":\"M\u00e9nage\"}]},{\"@type\":\"WebSite\",\"@id\":\"https:\\\/\\\/bestsellersbv.com\\\/fr\\\/#website\",\"url\":\"https:\\\/\\\/bestsellersbv.com\\\/fr\\\/\",\"name\":\"Best Sellers B.V.\",\"description\":\"\",\"publisher\":{\"@id\":\"https:\\\/\\\/bestsellersbv.com\\\/fr\\\/#organization\"},\"potentialAction\":[{\"@type\":\"SearchAction\",\"target\":{\"@type\":\"EntryPoint\",\"urlTemplate\":\"https:\\\/\\\/bestsellersbv.com\\\/fr\\\/?s={search_term_string}\"},\"query-input\":{\"@type\":\"PropertyValueSpecification\",\"valueRequired\":true,\"valueName\":\"search_term_string\"}}],\"inLanguage\":\"fr-FR\"},{\"@type\":\"Organization\",\"@id\":\"https:\\\/\\\/bestsellersbv.com\\\/fr\\\/#organization\",\"name\":\"Best Sellers B.V.\",\"url\":\"https:\\\/\\\/bestsellersbv.com\\\/fr\\\/\",\"logo\":{\"@type\":\"ImageObject\",\"inLanguage\":\"fr-FR\",\"@id\":\"https:\\\/\\\/bestsellersbv.com\\\/fr\\\/#\\\/schema\\\/logo\\\/image\\\/\",\"url\":\"https:\\\/\\\/bestsellersbv.com\\\/wp-content\\\/uploads\\\/2023\\\/11\\\/BestSellersLogo.png\",\"contentUrl\":\"https:\\\/\\\/bestsellersbv.com\\\/wp-content\\\/uploads\\\/2023\\\/11\\\/BestSellersLogo.png\",\"width\":251,\"height\":113,\"caption\":\"Best Sellers B.V.\"},\"image\":{\"@id\":\"https:\\\/\\\/bestsellersbv.com\\\/fr\\\/#\\\/schema\\\/logo\\\/image\\\/\"}}]}<\/script>\n<!-- \/ Yoast SEO plugin. -->","yoast_head_json":{"title":"M\u00e9nage - Best Sellers B.V.","description":"Aidez votre client\u00e8le \u00e0 se d\u00e9lecter de l'art de recevoir et de manger gr\u00e2ce \u00e0 nos accessoires de cuisine et de salle \u00e0 manger chics. Notre gamme comprend des planches \u00e0 d\u00e9couper durables, des bols \u00e9l\u00e9gants et des plateaux et sets de table polyvalents, qui permettent aux consommateurs de pr\u00e9senter et de d\u00e9guster leurs repas avec raffinement.","robots":{"index":"index","follow":"follow","max-snippet":"max-snippet:-1","max-image-preview":"max-image-preview:large","max-video-preview":"max-video-preview:-1"},"canonical":"https:\/\/bestsellersbv.com\/fr\/product\/household\/","og_locale":"fr_FR","og_type":"article","og_title":"M\u00e9nage - Best Sellers B.V.","og_description":"Aidez votre client\u00e8le \u00e0 se d\u00e9lecter de l'art de recevoir et de manger gr\u00e2ce \u00e0 nos accessoires de cuisine et de salle \u00e0 manger chics. Notre gamme comprend des planches \u00e0 d\u00e9couper durables, des bols \u00e9l\u00e9gants et des plateaux et sets de table polyvalents, qui permettent aux consommateurs de pr\u00e9senter et de d\u00e9guster leurs repas avec raffinement.","og_url":"https:\/\/bestsellersbv.com\/fr\/product\/household\/","og_site_name":"Best Sellers B.V.","article_modified_time":"2026-02-02T12:18:10+00:00","twitter_card":"summary_large_image","schema":{"@context":"https:\/\/schema.org","@graph":[{"@type":"WebPage","@id":"https:\/\/bestsellersbv.com\/fr\/product\/household\/","url":"https:\/\/bestsellersbv.com\/fr\/product\/household\/","name":"M\u00e9nage - Best Sellers B.V.","isPartOf":{"@id":"https:\/\/bestsellersbv.com\/fr\/#website"},"datePublished":"2023-04-19T12:06:49+00:00","dateModified":"2026-02-02T12:18:10+00:00","description":"Aidez votre client\u00e8le \u00e0 se d\u00e9lecter de l'art de recevoir et de manger gr\u00e2ce \u00e0 nos accessoires de cuisine et de salle \u00e0 manger chics. Notre gamme comprend des planches \u00e0 d\u00e9couper durables, des bols \u00e9l\u00e9gants et des plateaux et sets de table polyvalents, qui permettent aux consommateurs de pr\u00e9senter et de d\u00e9guster leurs repas avec raffinement.","breadcrumb":{"@id":"https:\/\/bestsellersbv.com\/fr\/product\/household\/#breadcrumb"},"inLanguage":"fr-FR","potentialAction":[{"@type":"ReadAction","target":["https:\/\/bestsellersbv.com\/fr\/product\/household\/"]}]},{"@type":"BreadcrumbList","@id":"https:\/\/bestsellersbv.com\/fr\/product\/household\/#breadcrumb","itemListElement":[{"@type":"ListItem","position":1,"name":"","item":"https:\/\/bestsellersbv.com\/fr\/"},{"@type":"ListItem","position":2,"name":"M\u00e9nage"}]},{"@type":"WebSite","@id":"https:\/\/bestsellersbv.com\/fr\/#website","url":"https:\/\/bestsellersbv.com\/fr\/","name":"Best Sellers B.V.","description":"","publisher":{"@id":"https:\/\/bestsellersbv.com\/fr\/#organization"},"potentialAction":[{"@type":"SearchAction","target":{"@type":"EntryPoint","urlTemplate":"https:\/\/bestsellersbv.com\/fr\/?s={search_term_string}"},"query-input":{"@type":"PropertyValueSpecification","valueRequired":true,"valueName":"search_term_string"}}],"inLanguage":"fr-FR"},{"@type":"Organization","@id":"https:\/\/bestsellersbv.com\/fr\/#organization","name":"Best Sellers B.V.","url":"https:\/\/bestsellersbv.com\/fr\/","logo":{"@type":"ImageObject","inLanguage":"fr-FR","@id":"https:\/\/bestsellersbv.com\/fr\/#\/schema\/logo\/image\/","url":"https:\/\/bestsellersbv.com\/wp-content\/uploads\/2023\/11\/BestSellersLogo.png","contentUrl":"https:\/\/bestsellersbv.com\/wp-content\/uploads\/2023\/11\/BestSellersLogo.png","width":251,"height":113,"caption":"Best Sellers B.V."},"image":{"@id":"https:\/\/bestsellersbv.com\/fr\/#\/schema\/logo\/image\/"}}]}},"acf":[],"_links":{"self":[{"href":"https:\/\/bestsellersbv.com\/fr\/wp-json\/wp\/v2\/product\/178708","targetHints":{"allow":["GET"]}}],"collection":[{"href":"https:\/\/bestsellersbv.com\/fr\/wp-json\/wp\/v2\/product"}],"about":[{"href":"https:\/\/bestsellersbv.com\/fr\/wp-json\/wp\/v2\/types\/product"}],"wp:attachment":[{"href":"https:\/\/bestsellersbv.com\/fr\/wp-json\/wp\/v2\/media?parent=178708"}],"curies":[{"name":"wp","href":"https:\/\/api.w.org\/{rel}","templated":true}]}}