{"id":178717,"date":"2023-04-19T12:13:05","date_gmt":"2023-04-19T12:13:05","guid":{"rendered":"https:\/\/bestsellersbv.com\/product\/season-themes\/"},"modified":"2026-02-02T12:19:27","modified_gmt":"2026-02-02T12:19:27","slug":"season-themes","status":"publish","type":"product","link":"https:\/\/bestsellersbv.com\/fr\/product\/season-themes\/","title":{"rendered":"Saison et th\u00e8mes"},"featured_media":0,"template":"","class_list":["post-178717","product","type-product","status-publish","hentry"],"yoast_head":"<!-- This site is optimized with the Yoast SEO plugin v27.3 - https:\/\/yoast.com\/product\/yoast-seo-wordpress\/ -->\n<title>Saison et th\u00e8mes - Best Sellers B.V.<\/title>\n<meta name=\"description\" content=\"Offrez \u00e0 votre client\u00e8le un cadeau magique gr\u00e2ce \u00e0 notre s\u00e9lection vari\u00e9e de cadeaux de No\u00ebl. Nous proposons tout, des bibelots personnalis\u00e9s \u00e0 la d\u00e9coration d&#039;int\u00e9rieur, ce qui permet aux d\u00e9taillants de r\u00e9pondre aux go\u00fbts de leur client\u00e8le diversifi\u00e9e.\" \/>\n<meta name=\"robots\" content=\"index, follow, max-snippet:-1, max-image-preview:large, max-video-preview:-1\" \/>\n<link rel=\"canonical\" href=\"https:\/\/bestsellersbv.com\/fr\/product\/season-themes\/\" \/>\n<meta property=\"og:locale\" content=\"fr_FR\" \/>\n<meta property=\"og:type\" content=\"article\" \/>\n<meta property=\"og:title\" content=\"Saison et th\u00e8mes - Best Sellers B.V.\" \/>\n<meta property=\"og:description\" content=\"Offrez \u00e0 votre client\u00e8le un cadeau magique gr\u00e2ce \u00e0 notre s\u00e9lection vari\u00e9e de cadeaux de No\u00ebl. Nous proposons tout, des bibelots personnalis\u00e9s \u00e0 la d\u00e9coration d&#039;int\u00e9rieur, ce qui permet aux d\u00e9taillants de r\u00e9pondre aux go\u00fbts de leur client\u00e8le diversifi\u00e9e.\" \/>\n<meta property=\"og:url\" content=\"https:\/\/bestsellersbv.com\/fr\/product\/season-themes\/\" \/>\n<meta property=\"og:site_name\" content=\"Best Sellers B.V.\" \/>\n<meta property=\"article:modified_time\" content=\"2026-02-02T12:19:27+00:00\" \/>\n<meta name=\"twitter:card\" content=\"summary_large_image\" \/>\n<script type=\"application\/ld+json\" class=\"yoast-schema-graph\">{\"@context\":\"https:\\\/\\\/schema.org\",\"@graph\":[{\"@type\":\"WebPage\",\"@id\":\"https:\\\/\\\/bestsellersbv.com\\\/fr\\\/product\\\/season-themes\\\/\",\"url\":\"https:\\\/\\\/bestsellersbv.com\\\/fr\\\/product\\\/season-themes\\\/\",\"name\":\"Saison et th\u00e8mes - Best Sellers B.V.\",\"isPartOf\":{\"@id\":\"https:\\\/\\\/bestsellersbv.com\\\/fr\\\/#website\"},\"datePublished\":\"2023-04-19T12:13:05+00:00\",\"dateModified\":\"2026-02-02T12:19:27+00:00\",\"description\":\"Offrez \u00e0 votre client\u00e8le un cadeau magique gr\u00e2ce \u00e0 notre s\u00e9lection vari\u00e9e de cadeaux de No\u00ebl. Nous proposons tout, des bibelots personnalis\u00e9s \u00e0 la d\u00e9coration d'int\u00e9rieur, ce qui permet aux d\u00e9taillants de r\u00e9pondre aux go\u00fbts de leur client\u00e8le diversifi\u00e9e.\",\"breadcrumb\":{\"@id\":\"https:\\\/\\\/bestsellersbv.com\\\/fr\\\/product\\\/season-themes\\\/#breadcrumb\"},\"inLanguage\":\"fr-FR\",\"potentialAction\":[{\"@type\":\"ReadAction\",\"target\":[\"https:\\\/\\\/bestsellersbv.com\\\/fr\\\/product\\\/season-themes\\\/\"]}]},{\"@type\":\"BreadcrumbList\",\"@id\":\"https:\\\/\\\/bestsellersbv.com\\\/fr\\\/product\\\/season-themes\\\/#breadcrumb\",\"itemListElement\":[{\"@type\":\"ListItem\",\"position\":1,\"name\":\"\",\"item\":\"https:\\\/\\\/bestsellersbv.com\\\/fr\\\/\"},{\"@type\":\"ListItem\",\"position\":2,\"name\":\"Saison et th\u00e8mes\"}]},{\"@type\":\"WebSite\",\"@id\":\"https:\\\/\\\/bestsellersbv.com\\\/fr\\\/#website\",\"url\":\"https:\\\/\\\/bestsellersbv.com\\\/fr\\\/\",\"name\":\"Best Sellers B.V.\",\"description\":\"\",\"publisher\":{\"@id\":\"https:\\\/\\\/bestsellersbv.com\\\/fr\\\/#organization\"},\"potentialAction\":[{\"@type\":\"SearchAction\",\"target\":{\"@type\":\"EntryPoint\",\"urlTemplate\":\"https:\\\/\\\/bestsellersbv.com\\\/fr\\\/?s={search_term_string}\"},\"query-input\":{\"@type\":\"PropertyValueSpecification\",\"valueRequired\":true,\"valueName\":\"search_term_string\"}}],\"inLanguage\":\"fr-FR\"},{\"@type\":\"Organization\",\"@id\":\"https:\\\/\\\/bestsellersbv.com\\\/fr\\\/#organization\",\"name\":\"Best Sellers B.V.\",\"url\":\"https:\\\/\\\/bestsellersbv.com\\\/fr\\\/\",\"logo\":{\"@type\":\"ImageObject\",\"inLanguage\":\"fr-FR\",\"@id\":\"https:\\\/\\\/bestsellersbv.com\\\/fr\\\/#\\\/schema\\\/logo\\\/image\\\/\",\"url\":\"https:\\\/\\\/bestsellersbv.com\\\/wp-content\\\/uploads\\\/2023\\\/11\\\/BestSellersLogo.png\",\"contentUrl\":\"https:\\\/\\\/bestsellersbv.com\\\/wp-content\\\/uploads\\\/2023\\\/11\\\/BestSellersLogo.png\",\"width\":251,\"height\":113,\"caption\":\"Best Sellers B.V.\"},\"image\":{\"@id\":\"https:\\\/\\\/bestsellersbv.com\\\/fr\\\/#\\\/schema\\\/logo\\\/image\\\/\"}}]}<\/script>\n<!-- \/ Yoast SEO plugin. -->","yoast_head_json":{"title":"Saison et th\u00e8mes - Best Sellers B.V.","description":"Offrez \u00e0 votre client\u00e8le un cadeau magique gr\u00e2ce \u00e0 notre s\u00e9lection vari\u00e9e de cadeaux de No\u00ebl. Nous proposons tout, des bibelots personnalis\u00e9s \u00e0 la d\u00e9coration d'int\u00e9rieur, ce qui permet aux d\u00e9taillants de r\u00e9pondre aux go\u00fbts de leur client\u00e8le diversifi\u00e9e.","robots":{"index":"index","follow":"follow","max-snippet":"max-snippet:-1","max-image-preview":"max-image-preview:large","max-video-preview":"max-video-preview:-1"},"canonical":"https:\/\/bestsellersbv.com\/fr\/product\/season-themes\/","og_locale":"fr_FR","og_type":"article","og_title":"Saison et th\u00e8mes - Best Sellers B.V.","og_description":"Offrez \u00e0 votre client\u00e8le un cadeau magique gr\u00e2ce \u00e0 notre s\u00e9lection vari\u00e9e de cadeaux de No\u00ebl. Nous proposons tout, des bibelots personnalis\u00e9s \u00e0 la d\u00e9coration d'int\u00e9rieur, ce qui permet aux d\u00e9taillants de r\u00e9pondre aux go\u00fbts de leur client\u00e8le diversifi\u00e9e.","og_url":"https:\/\/bestsellersbv.com\/fr\/product\/season-themes\/","og_site_name":"Best Sellers B.V.","article_modified_time":"2026-02-02T12:19:27+00:00","twitter_card":"summary_large_image","schema":{"@context":"https:\/\/schema.org","@graph":[{"@type":"WebPage","@id":"https:\/\/bestsellersbv.com\/fr\/product\/season-themes\/","url":"https:\/\/bestsellersbv.com\/fr\/product\/season-themes\/","name":"Saison et th\u00e8mes - Best Sellers B.V.","isPartOf":{"@id":"https:\/\/bestsellersbv.com\/fr\/#website"},"datePublished":"2023-04-19T12:13:05+00:00","dateModified":"2026-02-02T12:19:27+00:00","description":"Offrez \u00e0 votre client\u00e8le un cadeau magique gr\u00e2ce \u00e0 notre s\u00e9lection vari\u00e9e de cadeaux de No\u00ebl. Nous proposons tout, des bibelots personnalis\u00e9s \u00e0 la d\u00e9coration d'int\u00e9rieur, ce qui permet aux d\u00e9taillants de r\u00e9pondre aux go\u00fbts de leur client\u00e8le diversifi\u00e9e.","breadcrumb":{"@id":"https:\/\/bestsellersbv.com\/fr\/product\/season-themes\/#breadcrumb"},"inLanguage":"fr-FR","potentialAction":[{"@type":"ReadAction","target":["https:\/\/bestsellersbv.com\/fr\/product\/season-themes\/"]}]},{"@type":"BreadcrumbList","@id":"https:\/\/bestsellersbv.com\/fr\/product\/season-themes\/#breadcrumb","itemListElement":[{"@type":"ListItem","position":1,"name":"","item":"https:\/\/bestsellersbv.com\/fr\/"},{"@type":"ListItem","position":2,"name":"Saison et th\u00e8mes"}]},{"@type":"WebSite","@id":"https:\/\/bestsellersbv.com\/fr\/#website","url":"https:\/\/bestsellersbv.com\/fr\/","name":"Best Sellers B.V.","description":"","publisher":{"@id":"https:\/\/bestsellersbv.com\/fr\/#organization"},"potentialAction":[{"@type":"SearchAction","target":{"@type":"EntryPoint","urlTemplate":"https:\/\/bestsellersbv.com\/fr\/?s={search_term_string}"},"query-input":{"@type":"PropertyValueSpecification","valueRequired":true,"valueName":"search_term_string"}}],"inLanguage":"fr-FR"},{"@type":"Organization","@id":"https:\/\/bestsellersbv.com\/fr\/#organization","name":"Best Sellers B.V.","url":"https:\/\/bestsellersbv.com\/fr\/","logo":{"@type":"ImageObject","inLanguage":"fr-FR","@id":"https:\/\/bestsellersbv.com\/fr\/#\/schema\/logo\/image\/","url":"https:\/\/bestsellersbv.com\/wp-content\/uploads\/2023\/11\/BestSellersLogo.png","contentUrl":"https:\/\/bestsellersbv.com\/wp-content\/uploads\/2023\/11\/BestSellersLogo.png","width":251,"height":113,"caption":"Best Sellers B.V."},"image":{"@id":"https:\/\/bestsellersbv.com\/fr\/#\/schema\/logo\/image\/"}}]}},"acf":[],"_links":{"self":[{"href":"https:\/\/bestsellersbv.com\/fr\/wp-json\/wp\/v2\/product\/178717","targetHints":{"allow":["GET"]}}],"collection":[{"href":"https:\/\/bestsellersbv.com\/fr\/wp-json\/wp\/v2\/product"}],"about":[{"href":"https:\/\/bestsellersbv.com\/fr\/wp-json\/wp\/v2\/types\/product"}],"wp:attachment":[{"href":"https:\/\/bestsellersbv.com\/fr\/wp-json\/wp\/v2\/media?parent=178717"}],"curies":[{"name":"wp","href":"https:\/\/api.w.org\/{rel}","templated":true}]}}