{"id":178735,"date":"2023-04-19T12:04:55","date_gmt":"2023-04-19T12:04:55","guid":{"rendered":"https:\/\/bestsellersbv.com\/product\/furniture\/"},"modified":"2026-02-02T12:20:22","modified_gmt":"2026-02-02T12:20:22","slug":"furniture","status":"publish","type":"product","link":"https:\/\/bestsellersbv.com\/fr\/product\/furniture\/","title":{"rendered":"Mobilier"},"featured_media":0,"template":"","class_list":["post-178735","product","type-product","status-publish","hentry"],"yoast_head":"<!-- This site is optimized with the Yoast SEO plugin v27.3 - https:\/\/yoast.com\/product\/yoast-seo-wordpress\/ -->\n<title>Mobilier - Best Sellers B.V.<\/title>\n<meta name=\"description\" content=\"Notre s\u00e9lection comprend des si\u00e8ges baquets, des tabourets, des armoires, des tables d&#039;appoint et des chaises, tous con\u00e7us pour r\u00e9pondre aux diverses pr\u00e9f\u00e9rences des clients et rehausser tout espace de vie.\" \/>\n<meta name=\"robots\" content=\"index, follow, max-snippet:-1, max-image-preview:large, max-video-preview:-1\" \/>\n<link rel=\"canonical\" href=\"https:\/\/bestsellersbv.com\/fr\/product\/furniture\/\" \/>\n<meta property=\"og:locale\" content=\"fr_FR\" \/>\n<meta property=\"og:type\" content=\"article\" \/>\n<meta property=\"og:title\" content=\"Mobilier - Best Sellers B.V.\" \/>\n<meta property=\"og:description\" content=\"Notre s\u00e9lection comprend des si\u00e8ges baquets, des tabourets, des armoires, des tables d&#039;appoint et des chaises, tous con\u00e7us pour r\u00e9pondre aux diverses pr\u00e9f\u00e9rences des clients et rehausser tout espace de vie.\" \/>\n<meta property=\"og:url\" content=\"https:\/\/bestsellersbv.com\/fr\/product\/furniture\/\" \/>\n<meta property=\"og:site_name\" content=\"Best Sellers B.V.\" \/>\n<meta property=\"article:modified_time\" content=\"2026-02-02T12:20:22+00:00\" \/>\n<meta name=\"twitter:card\" content=\"summary_large_image\" \/>\n<script type=\"application\/ld+json\" class=\"yoast-schema-graph\">{\"@context\":\"https:\\\/\\\/schema.org\",\"@graph\":[{\"@type\":\"WebPage\",\"@id\":\"https:\\\/\\\/bestsellersbv.com\\\/fr\\\/product\\\/furniture\\\/\",\"url\":\"https:\\\/\\\/bestsellersbv.com\\\/fr\\\/product\\\/furniture\\\/\",\"name\":\"Mobilier - Best Sellers B.V.\",\"isPartOf\":{\"@id\":\"https:\\\/\\\/bestsellersbv.com\\\/fr\\\/#website\"},\"datePublished\":\"2023-04-19T12:04:55+00:00\",\"dateModified\":\"2026-02-02T12:20:22+00:00\",\"description\":\"Notre s\u00e9lection comprend des si\u00e8ges baquets, des tabourets, des armoires, des tables d'appoint et des chaises, tous con\u00e7us pour r\u00e9pondre aux diverses pr\u00e9f\u00e9rences des clients et rehausser tout espace de vie.\",\"breadcrumb\":{\"@id\":\"https:\\\/\\\/bestsellersbv.com\\\/fr\\\/product\\\/furniture\\\/#breadcrumb\"},\"inLanguage\":\"fr-FR\",\"potentialAction\":[{\"@type\":\"ReadAction\",\"target\":[\"https:\\\/\\\/bestsellersbv.com\\\/fr\\\/product\\\/furniture\\\/\"]}]},{\"@type\":\"BreadcrumbList\",\"@id\":\"https:\\\/\\\/bestsellersbv.com\\\/fr\\\/product\\\/furniture\\\/#breadcrumb\",\"itemListElement\":[{\"@type\":\"ListItem\",\"position\":1,\"name\":\"\",\"item\":\"https:\\\/\\\/bestsellersbv.com\\\/fr\\\/\"},{\"@type\":\"ListItem\",\"position\":2,\"name\":\"Mobilier\"}]},{\"@type\":\"WebSite\",\"@id\":\"https:\\\/\\\/bestsellersbv.com\\\/fr\\\/#website\",\"url\":\"https:\\\/\\\/bestsellersbv.com\\\/fr\\\/\",\"name\":\"Best Sellers B.V.\",\"description\":\"\",\"publisher\":{\"@id\":\"https:\\\/\\\/bestsellersbv.com\\\/fr\\\/#organization\"},\"potentialAction\":[{\"@type\":\"SearchAction\",\"target\":{\"@type\":\"EntryPoint\",\"urlTemplate\":\"https:\\\/\\\/bestsellersbv.com\\\/fr\\\/?s={search_term_string}\"},\"query-input\":{\"@type\":\"PropertyValueSpecification\",\"valueRequired\":true,\"valueName\":\"search_term_string\"}}],\"inLanguage\":\"fr-FR\"},{\"@type\":\"Organization\",\"@id\":\"https:\\\/\\\/bestsellersbv.com\\\/fr\\\/#organization\",\"name\":\"Best Sellers B.V.\",\"url\":\"https:\\\/\\\/bestsellersbv.com\\\/fr\\\/\",\"logo\":{\"@type\":\"ImageObject\",\"inLanguage\":\"fr-FR\",\"@id\":\"https:\\\/\\\/bestsellersbv.com\\\/fr\\\/#\\\/schema\\\/logo\\\/image\\\/\",\"url\":\"https:\\\/\\\/bestsellersbv.com\\\/wp-content\\\/uploads\\\/2023\\\/11\\\/BestSellersLogo.png\",\"contentUrl\":\"https:\\\/\\\/bestsellersbv.com\\\/wp-content\\\/uploads\\\/2023\\\/11\\\/BestSellersLogo.png\",\"width\":251,\"height\":113,\"caption\":\"Best Sellers B.V.\"},\"image\":{\"@id\":\"https:\\\/\\\/bestsellersbv.com\\\/fr\\\/#\\\/schema\\\/logo\\\/image\\\/\"}}]}<\/script>\n<!-- \/ Yoast SEO plugin. -->","yoast_head_json":{"title":"Mobilier - Best Sellers B.V.","description":"Notre s\u00e9lection comprend des si\u00e8ges baquets, des tabourets, des armoires, des tables d'appoint et des chaises, tous con\u00e7us pour r\u00e9pondre aux diverses pr\u00e9f\u00e9rences des clients et rehausser tout espace de vie.","robots":{"index":"index","follow":"follow","max-snippet":"max-snippet:-1","max-image-preview":"max-image-preview:large","max-video-preview":"max-video-preview:-1"},"canonical":"https:\/\/bestsellersbv.com\/fr\/product\/furniture\/","og_locale":"fr_FR","og_type":"article","og_title":"Mobilier - Best Sellers B.V.","og_description":"Notre s\u00e9lection comprend des si\u00e8ges baquets, des tabourets, des armoires, des tables d'appoint et des chaises, tous con\u00e7us pour r\u00e9pondre aux diverses pr\u00e9f\u00e9rences des clients et rehausser tout espace de vie.","og_url":"https:\/\/bestsellersbv.com\/fr\/product\/furniture\/","og_site_name":"Best Sellers B.V.","article_modified_time":"2026-02-02T12:20:22+00:00","twitter_card":"summary_large_image","schema":{"@context":"https:\/\/schema.org","@graph":[{"@type":"WebPage","@id":"https:\/\/bestsellersbv.com\/fr\/product\/furniture\/","url":"https:\/\/bestsellersbv.com\/fr\/product\/furniture\/","name":"Mobilier - Best Sellers B.V.","isPartOf":{"@id":"https:\/\/bestsellersbv.com\/fr\/#website"},"datePublished":"2023-04-19T12:04:55+00:00","dateModified":"2026-02-02T12:20:22+00:00","description":"Notre s\u00e9lection comprend des si\u00e8ges baquets, des tabourets, des armoires, des tables d'appoint et des chaises, tous con\u00e7us pour r\u00e9pondre aux diverses pr\u00e9f\u00e9rences des clients et rehausser tout espace de vie.","breadcrumb":{"@id":"https:\/\/bestsellersbv.com\/fr\/product\/furniture\/#breadcrumb"},"inLanguage":"fr-FR","potentialAction":[{"@type":"ReadAction","target":["https:\/\/bestsellersbv.com\/fr\/product\/furniture\/"]}]},{"@type":"BreadcrumbList","@id":"https:\/\/bestsellersbv.com\/fr\/product\/furniture\/#breadcrumb","itemListElement":[{"@type":"ListItem","position":1,"name":"","item":"https:\/\/bestsellersbv.com\/fr\/"},{"@type":"ListItem","position":2,"name":"Mobilier"}]},{"@type":"WebSite","@id":"https:\/\/bestsellersbv.com\/fr\/#website","url":"https:\/\/bestsellersbv.com\/fr\/","name":"Best Sellers B.V.","description":"","publisher":{"@id":"https:\/\/bestsellersbv.com\/fr\/#organization"},"potentialAction":[{"@type":"SearchAction","target":{"@type":"EntryPoint","urlTemplate":"https:\/\/bestsellersbv.com\/fr\/?s={search_term_string}"},"query-input":{"@type":"PropertyValueSpecification","valueRequired":true,"valueName":"search_term_string"}}],"inLanguage":"fr-FR"},{"@type":"Organization","@id":"https:\/\/bestsellersbv.com\/fr\/#organization","name":"Best Sellers B.V.","url":"https:\/\/bestsellersbv.com\/fr\/","logo":{"@type":"ImageObject","inLanguage":"fr-FR","@id":"https:\/\/bestsellersbv.com\/fr\/#\/schema\/logo\/image\/","url":"https:\/\/bestsellersbv.com\/wp-content\/uploads\/2023\/11\/BestSellersLogo.png","contentUrl":"https:\/\/bestsellersbv.com\/wp-content\/uploads\/2023\/11\/BestSellersLogo.png","width":251,"height":113,"caption":"Best Sellers B.V."},"image":{"@id":"https:\/\/bestsellersbv.com\/fr\/#\/schema\/logo\/image\/"}}]}},"acf":[],"_links":{"self":[{"href":"https:\/\/bestsellersbv.com\/fr\/wp-json\/wp\/v2\/product\/178735","targetHints":{"allow":["GET"]}}],"collection":[{"href":"https:\/\/bestsellersbv.com\/fr\/wp-json\/wp\/v2\/product"}],"about":[{"href":"https:\/\/bestsellersbv.com\/fr\/wp-json\/wp\/v2\/types\/product"}],"wp:attachment":[{"href":"https:\/\/bestsellersbv.com\/fr\/wp-json\/wp\/v2\/media?parent=178735"}],"curies":[{"name":"wp","href":"https:\/\/api.w.org\/{rel}","templated":true}]}}