{"id":178793,"date":"2023-04-19T12:05:21","date_gmt":"2023-04-19T12:05:21","guid":{"rendered":"https:\/\/bestsellersbv.com\/product\/storage\/"},"modified":"2026-02-02T12:21:17","modified_gmt":"2026-02-02T12:21:17","slug":"storage","status":"publish","type":"product","link":"https:\/\/bestsellersbv.com\/fr\/product\/storage\/","title":{"rendered":"Stockage"},"featured_media":0,"template":"","class_list":["post-178793","product","type-product","status-publish","hentry"],"yoast_head":"<!-- This site is optimized with the Yoast SEO plugin v27.3 - https:\/\/yoast.com\/product\/yoast-seo-wordpress\/ -->\n<title>Stockage - Best Sellers B.V.<\/title>\n<meta name=\"description\" content=\"Am\u00e9liorez votre choix de rangement avec nos \u00e9l\u00e9gants paniers et bacs. Qu&#039;il s&#039;agisse de mod\u00e8les artisanaux en gazon tiss\u00e9 ou de choix de tissus \u00e9l\u00e9gants, ces solutions de rangement sont non seulement pratiques, mais elles amplifient \u00e9galement la valeur esth\u00e9tique de n&#039;importe quelle pi\u00e8ce.\" \/>\n<meta name=\"robots\" content=\"index, follow, max-snippet:-1, max-image-preview:large, max-video-preview:-1\" \/>\n<link rel=\"canonical\" href=\"https:\/\/bestsellersbv.com\/fr\/product\/storage\/\" \/>\n<meta property=\"og:locale\" content=\"fr_FR\" \/>\n<meta property=\"og:type\" content=\"article\" \/>\n<meta property=\"og:title\" content=\"Stockage - Best Sellers B.V.\" \/>\n<meta property=\"og:description\" content=\"Am\u00e9liorez votre choix de rangement avec nos \u00e9l\u00e9gants paniers et bacs. Qu&#039;il s&#039;agisse de mod\u00e8les artisanaux en gazon tiss\u00e9 ou de choix de tissus \u00e9l\u00e9gants, ces solutions de rangement sont non seulement pratiques, mais elles amplifient \u00e9galement la valeur esth\u00e9tique de n&#039;importe quelle pi\u00e8ce.\" \/>\n<meta property=\"og:url\" content=\"https:\/\/bestsellersbv.com\/fr\/product\/storage\/\" \/>\n<meta property=\"og:site_name\" content=\"Best Sellers B.V.\" \/>\n<meta property=\"article:modified_time\" content=\"2026-02-02T12:21:17+00:00\" \/>\n<meta name=\"twitter:card\" content=\"summary_large_image\" \/>\n<script type=\"application\/ld+json\" class=\"yoast-schema-graph\">{\"@context\":\"https:\\\/\\\/schema.org\",\"@graph\":[{\"@type\":\"WebPage\",\"@id\":\"https:\\\/\\\/bestsellersbv.com\\\/fr\\\/product\\\/storage\\\/\",\"url\":\"https:\\\/\\\/bestsellersbv.com\\\/fr\\\/product\\\/storage\\\/\",\"name\":\"Stockage - Best Sellers B.V.\",\"isPartOf\":{\"@id\":\"https:\\\/\\\/bestsellersbv.com\\\/fr\\\/#website\"},\"datePublished\":\"2023-04-19T12:05:21+00:00\",\"dateModified\":\"2026-02-02T12:21:17+00:00\",\"description\":\"Am\u00e9liorez votre choix de rangement avec nos \u00e9l\u00e9gants paniers et bacs. Qu'il s'agisse de mod\u00e8les artisanaux en gazon tiss\u00e9 ou de choix de tissus \u00e9l\u00e9gants, ces solutions de rangement sont non seulement pratiques, mais elles amplifient \u00e9galement la valeur esth\u00e9tique de n'importe quelle pi\u00e8ce.\",\"breadcrumb\":{\"@id\":\"https:\\\/\\\/bestsellersbv.com\\\/fr\\\/product\\\/storage\\\/#breadcrumb\"},\"inLanguage\":\"fr-FR\",\"potentialAction\":[{\"@type\":\"ReadAction\",\"target\":[\"https:\\\/\\\/bestsellersbv.com\\\/fr\\\/product\\\/storage\\\/\"]}]},{\"@type\":\"BreadcrumbList\",\"@id\":\"https:\\\/\\\/bestsellersbv.com\\\/fr\\\/product\\\/storage\\\/#breadcrumb\",\"itemListElement\":[{\"@type\":\"ListItem\",\"position\":1,\"name\":\"\",\"item\":\"https:\\\/\\\/bestsellersbv.com\\\/fr\\\/\"},{\"@type\":\"ListItem\",\"position\":2,\"name\":\"Stockage\"}]},{\"@type\":\"WebSite\",\"@id\":\"https:\\\/\\\/bestsellersbv.com\\\/fr\\\/#website\",\"url\":\"https:\\\/\\\/bestsellersbv.com\\\/fr\\\/\",\"name\":\"Best Sellers B.V.\",\"description\":\"\",\"publisher\":{\"@id\":\"https:\\\/\\\/bestsellersbv.com\\\/fr\\\/#organization\"},\"potentialAction\":[{\"@type\":\"SearchAction\",\"target\":{\"@type\":\"EntryPoint\",\"urlTemplate\":\"https:\\\/\\\/bestsellersbv.com\\\/fr\\\/?s={search_term_string}\"},\"query-input\":{\"@type\":\"PropertyValueSpecification\",\"valueRequired\":true,\"valueName\":\"search_term_string\"}}],\"inLanguage\":\"fr-FR\"},{\"@type\":\"Organization\",\"@id\":\"https:\\\/\\\/bestsellersbv.com\\\/fr\\\/#organization\",\"name\":\"Best Sellers B.V.\",\"url\":\"https:\\\/\\\/bestsellersbv.com\\\/fr\\\/\",\"logo\":{\"@type\":\"ImageObject\",\"inLanguage\":\"fr-FR\",\"@id\":\"https:\\\/\\\/bestsellersbv.com\\\/fr\\\/#\\\/schema\\\/logo\\\/image\\\/\",\"url\":\"https:\\\/\\\/bestsellersbv.com\\\/wp-content\\\/uploads\\\/2023\\\/11\\\/BestSellersLogo.png\",\"contentUrl\":\"https:\\\/\\\/bestsellersbv.com\\\/wp-content\\\/uploads\\\/2023\\\/11\\\/BestSellersLogo.png\",\"width\":251,\"height\":113,\"caption\":\"Best Sellers B.V.\"},\"image\":{\"@id\":\"https:\\\/\\\/bestsellersbv.com\\\/fr\\\/#\\\/schema\\\/logo\\\/image\\\/\"}}]}<\/script>\n<!-- \/ Yoast SEO plugin. -->","yoast_head_json":{"title":"Stockage - Best Sellers B.V.","description":"Am\u00e9liorez votre choix de rangement avec nos \u00e9l\u00e9gants paniers et bacs. Qu'il s'agisse de mod\u00e8les artisanaux en gazon tiss\u00e9 ou de choix de tissus \u00e9l\u00e9gants, ces solutions de rangement sont non seulement pratiques, mais elles amplifient \u00e9galement la valeur esth\u00e9tique de n'importe quelle pi\u00e8ce.","robots":{"index":"index","follow":"follow","max-snippet":"max-snippet:-1","max-image-preview":"max-image-preview:large","max-video-preview":"max-video-preview:-1"},"canonical":"https:\/\/bestsellersbv.com\/fr\/product\/storage\/","og_locale":"fr_FR","og_type":"article","og_title":"Stockage - Best Sellers B.V.","og_description":"Am\u00e9liorez votre choix de rangement avec nos \u00e9l\u00e9gants paniers et bacs. Qu'il s'agisse de mod\u00e8les artisanaux en gazon tiss\u00e9 ou de choix de tissus \u00e9l\u00e9gants, ces solutions de rangement sont non seulement pratiques, mais elles amplifient \u00e9galement la valeur esth\u00e9tique de n'importe quelle pi\u00e8ce.","og_url":"https:\/\/bestsellersbv.com\/fr\/product\/storage\/","og_site_name":"Best Sellers B.V.","article_modified_time":"2026-02-02T12:21:17+00:00","twitter_card":"summary_large_image","schema":{"@context":"https:\/\/schema.org","@graph":[{"@type":"WebPage","@id":"https:\/\/bestsellersbv.com\/fr\/product\/storage\/","url":"https:\/\/bestsellersbv.com\/fr\/product\/storage\/","name":"Stockage - Best Sellers B.V.","isPartOf":{"@id":"https:\/\/bestsellersbv.com\/fr\/#website"},"datePublished":"2023-04-19T12:05:21+00:00","dateModified":"2026-02-02T12:21:17+00:00","description":"Am\u00e9liorez votre choix de rangement avec nos \u00e9l\u00e9gants paniers et bacs. Qu'il s'agisse de mod\u00e8les artisanaux en gazon tiss\u00e9 ou de choix de tissus \u00e9l\u00e9gants, ces solutions de rangement sont non seulement pratiques, mais elles amplifient \u00e9galement la valeur esth\u00e9tique de n'importe quelle pi\u00e8ce.","breadcrumb":{"@id":"https:\/\/bestsellersbv.com\/fr\/product\/storage\/#breadcrumb"},"inLanguage":"fr-FR","potentialAction":[{"@type":"ReadAction","target":["https:\/\/bestsellersbv.com\/fr\/product\/storage\/"]}]},{"@type":"BreadcrumbList","@id":"https:\/\/bestsellersbv.com\/fr\/product\/storage\/#breadcrumb","itemListElement":[{"@type":"ListItem","position":1,"name":"","item":"https:\/\/bestsellersbv.com\/fr\/"},{"@type":"ListItem","position":2,"name":"Stockage"}]},{"@type":"WebSite","@id":"https:\/\/bestsellersbv.com\/fr\/#website","url":"https:\/\/bestsellersbv.com\/fr\/","name":"Best Sellers B.V.","description":"","publisher":{"@id":"https:\/\/bestsellersbv.com\/fr\/#organization"},"potentialAction":[{"@type":"SearchAction","target":{"@type":"EntryPoint","urlTemplate":"https:\/\/bestsellersbv.com\/fr\/?s={search_term_string}"},"query-input":{"@type":"PropertyValueSpecification","valueRequired":true,"valueName":"search_term_string"}}],"inLanguage":"fr-FR"},{"@type":"Organization","@id":"https:\/\/bestsellersbv.com\/fr\/#organization","name":"Best Sellers B.V.","url":"https:\/\/bestsellersbv.com\/fr\/","logo":{"@type":"ImageObject","inLanguage":"fr-FR","@id":"https:\/\/bestsellersbv.com\/fr\/#\/schema\/logo\/image\/","url":"https:\/\/bestsellersbv.com\/wp-content\/uploads\/2023\/11\/BestSellersLogo.png","contentUrl":"https:\/\/bestsellersbv.com\/wp-content\/uploads\/2023\/11\/BestSellersLogo.png","width":251,"height":113,"caption":"Best Sellers B.V."},"image":{"@id":"https:\/\/bestsellersbv.com\/fr\/#\/schema\/logo\/image\/"}}]}},"acf":[],"_links":{"self":[{"href":"https:\/\/bestsellersbv.com\/fr\/wp-json\/wp\/v2\/product\/178793","targetHints":{"allow":["GET"]}}],"collection":[{"href":"https:\/\/bestsellersbv.com\/fr\/wp-json\/wp\/v2\/product"}],"about":[{"href":"https:\/\/bestsellersbv.com\/fr\/wp-json\/wp\/v2\/types\/product"}],"wp:attachment":[{"href":"https:\/\/bestsellersbv.com\/fr\/wp-json\/wp\/v2\/media?parent=178793"}],"curies":[{"name":"wp","href":"https:\/\/api.w.org\/{rel}","templated":true}]}}